{"id":1800,"date":"2025-08-26T12:52:29","date_gmt":"2025-08-26T15:52:29","guid":{"rendered":"https:\/\/executivaoffice.com.br\/?post_type=product&#038;p=1800"},"modified":"2025-08-27T08:46:29","modified_gmt":"2025-08-27T11:46:29","slug":"mesa-reuniao-200x100-pe-industrial-cor-preta","status":"publish","type":"product","link":"https:\/\/executivaoffice.com.br\/index.php\/produto\/mesa-reuniao-200x100-pe-industrial-cor-preta\/","title":{"rendered":"MESA REUNI\u00c3O 2,00X1,00 P\u00c9 INDUSTRIAL COR PRETA"},"content":{"rendered":"<p>MESA PARA REUNI\u00c3O COM P\u00c9 INDUSTRIAL E CAIXA DE TOMADA NAS MEDIDAS 2,00X1,00<\/p>\n","protected":false},"excerpt":{"rendered":"<p>MESA PARA REUNI\u00c3O COM P\u00c9 INDUSTRIAL E CAIXA DE TOMADA NAS MEDIDAS 2,00X1,00<\/p>\n","protected":false},"featured_media":1812,"comment_status":"open","ping_status":"closed","template":"","meta":{"_joinchat":[]},"product_cat":[39],"product_tag":[62,48,59,63],"class_list":{"0":"post-1800","1":"product","2":"type-product","3":"status-publish","4":"has-post-thumbnail","6":"product_cat-mesas","7":"product_tag-cadeira-para-escritorio","8":"product_tag-escritorio","9":"product_tag-mesa","10":"product_tag-moveis-para-escritorio","12":"first","13":"instock","14":"shipping-taxable","15":"purchasable","16":"product-type-simple"},"_links":{"self":[{"href":"https:\/\/executivaoffice.com.br\/index.php\/wp-json\/wp\/v2\/product\/1800","targetHints":{"allow":["GET"]}}],"collection":[{"href":"https:\/\/executivaoffice.com.br\/index.php\/wp-json\/wp\/v2\/product"}],"about":[{"href":"https:\/\/executivaoffice.com.br\/index.php\/wp-json\/wp\/v2\/types\/product"}],"replies":[{"embeddable":true,"href":"https:\/\/executivaoffice.com.br\/index.php\/wp-json\/wp\/v2\/comments?post=1800"}],"wp:featuredmedia":[{"embeddable":true,"href":"https:\/\/executivaoffice.com.br\/index.php\/wp-json\/wp\/v2\/media\/1812"}],"wp:attachment":[{"href":"https:\/\/executivaoffice.com.br\/index.php\/wp-json\/wp\/v2\/media?parent=1800"}],"wp:term":[{"taxonomy":"product_cat","embeddable":true,"href":"https:\/\/executivaoffice.com.br\/index.php\/wp-json\/wp\/v2\/product_cat?post=1800"},{"taxonomy":"product_tag","embeddable":true,"href":"https:\/\/executivaoffice.com.br\/index.php\/wp-json\/wp\/v2\/product_tag?post=1800"}],"curies":[{"name":"wp","href":"https:\/\/api.w.org\/{rel}","templated":true}]}}