{"id":1831,"date":"2025-08-27T10:28:01","date_gmt":"2025-08-27T13:28:01","guid":{"rendered":"https:\/\/executivaoffice.com.br\/?post_type=product&#038;p=1831"},"modified":"2025-11-25T10:31:41","modified_gmt":"2025-11-25T13:31:41","slug":"sofa-confort-3-lugares","status":"publish","type":"product","link":"https:\/\/executivaoffice.com.br\/index.php\/produto\/sofa-confort-3-lugares\/","title":{"rendered":"sof\u00e1 confort 3 lugares"},"content":{"rendered":"<p>MEDIDA : 1,75&#215;70<br \/>\nRecep\u00e7\u00e3o com conforto \u00e9 sin\u00f4nimo de boas-vindas! \ud83d\udecb\ufe0f\u2728 Deixe seus clientes e visitantes \u00e0 vontade com nosso sof\u00e1 Confort \u2013 design elegante e acolhimento na medida certa. Transforme a primeira impress\u00e3o em uma experi\u00eancia \u00fanica<\/p>\n","protected":false},"excerpt":{"rendered":"<p>MEDIDA : 1,75&#215;70 Recep\u00e7\u00e3o com conforto \u00e9 sin\u00f4nimo de boas-vindas! \ud83d\udecb\ufe0f\u2728 Deixe seus clientes e visitantes \u00e0 vontade com nosso sof\u00e1 Confort \u2013 design elegante e acolhimento na medida certa. Transforme a primeira impress\u00e3o em uma experi\u00eancia \u00fanica<\/p>\n","protected":false},"featured_media":1834,"comment_status":"open","ping_status":"closed","template":"","meta":{"_joinchat":[]},"product_cat":[42],"product_tag":[50,62,59,47,61,63,51,46,66,68],"class_list":{"0":"post-1831","1":"product","2":"type-product","3":"status-publish","4":"has-post-thumbnail","6":"product_cat-sofas-recepcao","7":"product_tag-cadeira","8":"product_tag-cadeira-para-escritorio","9":"product_tag-mesa","10":"product_tag-moveis","11":"product_tag-moveis-escritorio","12":"product_tag-moveis-para-escritorio","13":"product_tag-office","14":"product_tag-poltrona","15":"product_tag-recepcao","16":"product_tag-sofa","18":"first","19":"instock","20":"shipping-taxable","21":"purchasable","22":"product-type-simple"},"_links":{"self":[{"href":"https:\/\/executivaoffice.com.br\/index.php\/wp-json\/wp\/v2\/product\/1831","targetHints":{"allow":["GET"]}}],"collection":[{"href":"https:\/\/executivaoffice.com.br\/index.php\/wp-json\/wp\/v2\/product"}],"about":[{"href":"https:\/\/executivaoffice.com.br\/index.php\/wp-json\/wp\/v2\/types\/product"}],"replies":[{"embeddable":true,"href":"https:\/\/executivaoffice.com.br\/index.php\/wp-json\/wp\/v2\/comments?post=1831"}],"wp:featuredmedia":[{"embeddable":true,"href":"https:\/\/executivaoffice.com.br\/index.php\/wp-json\/wp\/v2\/media\/1834"}],"wp:attachment":[{"href":"https:\/\/executivaoffice.com.br\/index.php\/wp-json\/wp\/v2\/media?parent=1831"}],"wp:term":[{"taxonomy":"product_cat","embeddable":true,"href":"https:\/\/executivaoffice.com.br\/index.php\/wp-json\/wp\/v2\/product_cat?post=1831"},{"taxonomy":"product_tag","embeddable":true,"href":"https:\/\/executivaoffice.com.br\/index.php\/wp-json\/wp\/v2\/product_tag?post=1831"}],"curies":[{"name":"wp","href":"https:\/\/api.w.org\/{rel}","templated":true}]}}