{"id":1937,"date":"2025-11-18T11:58:39","date_gmt":"2025-11-18T14:58:39","guid":{"rendered":"https:\/\/executivaoffice.com.br\/?post_type=product&#038;p=1937"},"modified":"2026-03-24T13:37:03","modified_gmt":"2026-03-24T16:37:03","slug":"mesa-direto-190x150mnogal-sevilha-preto","status":"publish","type":"product","link":"https:\/\/executivaoffice.com.br\/index.php\/produto\/mesa-direto-190x150mnogal-sevilha-preto\/","title":{"rendered":"Mesa DIRETORIA  1,90\u00d71,50m SEVILHA \/ PRETO"},"content":{"rendered":"<p><strong>Mesa Diretor c\/ Aparador \u2013 P\u00e9 de MADEIRA \u2013 1,90\u00d71,50mNOGAL SEVILHA \/ PRETO\u00a0<\/strong><\/p>\n<p><strong>Ficha T\u00e9cnica:<\/strong><\/p>\n<p>Garantia do Fornecedor: 12 Meses<\/p>\n<p>Modelo: Nogal Sevilha \/ Preto<\/p>\n<p>Altura (cm): 73<\/p>\n<p>Largura (cm): 190<\/p>\n<p>Profundidade (cm): 150<\/p>\n<p>Espessura do Tampo: 40mm Encabe\u00e7ado (Engrossado)<\/p>\n<p>Espessura do P\u00e9: 25mm<\/p>\n<p>Refer\u00eancia do Modelo: Diretor<\/p>\n<p>&nbsp;<\/p>\n","protected":false},"excerpt":{"rendered":"<p>Mesa Diretor c\/ Aparador \u2013 P\u00e9 de MADEIRA \u2013 1,90\u00d71,50mNOGAL SEVILHA \/ PRETO\u00a0 Ficha T\u00e9cnica: Garantia do Fornecedor: 12 Meses Modelo: Nogal Sevilha \/ Preto Altura (cm): 73 Largura (cm): 190 Profundidade (cm): 150 Espessura do Tampo: 40mm Encabe\u00e7ado (Engrossado) Espessura do P\u00e9: 25mm Refer\u00eancia do Modelo: Diretor &nbsp;<\/p>\n","protected":false},"featured_media":1938,"comment_status":"open","ping_status":"closed","template":"","meta":{"_joinchat":[]},"product_cat":[39],"product_tag":[50,48,70,49,59,47,61,63,51],"class_list":{"0":"post-1937","1":"product","2":"type-product","3":"status-publish","4":"has-post-thumbnail","6":"product_cat-mesas","7":"product_tag-cadeira","8":"product_tag-escritorio","9":"product_tag-goiania","10":"product_tag-luxo","11":"product_tag-mesa","12":"product_tag-moveis","13":"product_tag-moveis-escritorio","14":"product_tag-moveis-para-escritorio","15":"product_tag-office","17":"first","18":"instock","19":"shipping-taxable","20":"purchasable","21":"product-type-simple"},"_links":{"self":[{"href":"https:\/\/executivaoffice.com.br\/index.php\/wp-json\/wp\/v2\/product\/1937","targetHints":{"allow":["GET"]}}],"collection":[{"href":"https:\/\/executivaoffice.com.br\/index.php\/wp-json\/wp\/v2\/product"}],"about":[{"href":"https:\/\/executivaoffice.com.br\/index.php\/wp-json\/wp\/v2\/types\/product"}],"replies":[{"embeddable":true,"href":"https:\/\/executivaoffice.com.br\/index.php\/wp-json\/wp\/v2\/comments?post=1937"}],"wp:featuredmedia":[{"embeddable":true,"href":"https:\/\/executivaoffice.com.br\/index.php\/wp-json\/wp\/v2\/media\/1938"}],"wp:attachment":[{"href":"https:\/\/executivaoffice.com.br\/index.php\/wp-json\/wp\/v2\/media?parent=1937"}],"wp:term":[{"taxonomy":"product_cat","embeddable":true,"href":"https:\/\/executivaoffice.com.br\/index.php\/wp-json\/wp\/v2\/product_cat?post=1937"},{"taxonomy":"product_tag","embeddable":true,"href":"https:\/\/executivaoffice.com.br\/index.php\/wp-json\/wp\/v2\/product_tag?post=1937"}],"curies":[{"name":"wp","href":"https:\/\/api.w.org\/{rel}","templated":true}]}}