{"id":1967,"date":"2025-11-18T12:48:27","date_gmt":"2025-11-18T15:48:27","guid":{"rendered":"https:\/\/executivaoffice.com.br\/?post_type=product&#038;p=1967"},"modified":"2025-11-18T12:48:27","modified_gmt":"2025-11-18T15:48:27","slug":"poltrona-austin-preta","status":"publish","type":"product","link":"https:\/\/executivaoffice.com.br\/index.php\/produto\/poltrona-austin-preta\/","title":{"rendered":"POLTRONA AUSTIN PRETA"},"content":{"rendered":"<p><b>Material:\u00a0<\/b>Couro Ecol\u00f3gico (PU)\u00a0e Base fixa Cromada.<\/p>\n<p><b>Peso Suportado:<\/b>\u00a0120kg<\/p>\n<p><b>Dimens\u00f5es:\u00a0<\/b>C 57 x L 60 x A 97 cm | Altura Assento: 47 cm<\/p>\n<p><b>Caracter\u00edsticas:<\/b>\u00a0Bra\u00e7os Fixos | Encosto em couro ecol\u00f3gico (PU) | Base Fixa.<\/p>\n<p><b>Descri\u00e7\u00e3o:<\/b>\u00a0A cadeira Austin \u00e9 ideal como cadeira de apoio em salas de diretoria, consult\u00f3rios ou escrit\u00f3rios. Dispon\u00edvel em 04 cores neutras para combinar com sua decora\u00e7\u00e3o, sua base em a\u00e7o cromado confere durabilidade e resist\u00eancia, enquanto o seu assento e encosto estofado em couro ecol\u00f3gico, leva eleg\u00e2ncia para sua decora\u00e7\u00e3o. Uma escolha sofisticada para complementar seu ambiente de trabalho.<\/p>\n","protected":false},"excerpt":{"rendered":"<p>Material:\u00a0Couro Ecol\u00f3gico (PU)\u00a0e Base fixa Cromada. Peso Suportado:\u00a0120kg Dimens\u00f5es:\u00a0C 57 x L 60 x A 97 cm | Altura Assento: 47 cm Caracter\u00edsticas:\u00a0Bra\u00e7os Fixos | Encosto em couro ecol\u00f3gico (PU) | Base Fixa. Descri\u00e7\u00e3o:\u00a0A cadeira Austin \u00e9 ideal como cadeira de apoio em salas de diretoria, consult\u00f3rios ou escrit\u00f3rios. Dispon\u00edvel em 04 cores neutras para [&hellip;]<\/p>\n","protected":false},"featured_media":1968,"comment_status":"open","ping_status":"closed","template":"","meta":{"_joinchat":[]},"product_cat":[43],"product_tag":[50,60,62,48,49,63],"class_list":{"0":"post-1967","1":"product","2":"type-product","3":"status-publish","4":"has-post-thumbnail","6":"product_cat-cadeira-fixa","7":"product_tag-cadeira","8":"product_tag-cadeira-fixa","9":"product_tag-cadeira-para-escritorio","10":"product_tag-escritorio","11":"product_tag-luxo","12":"product_tag-moveis-para-escritorio","14":"first","15":"instock","16":"shipping-taxable","17":"purchasable","18":"product-type-simple"},"_links":{"self":[{"href":"https:\/\/executivaoffice.com.br\/index.php\/wp-json\/wp\/v2\/product\/1967","targetHints":{"allow":["GET"]}}],"collection":[{"href":"https:\/\/executivaoffice.com.br\/index.php\/wp-json\/wp\/v2\/product"}],"about":[{"href":"https:\/\/executivaoffice.com.br\/index.php\/wp-json\/wp\/v2\/types\/product"}],"replies":[{"embeddable":true,"href":"https:\/\/executivaoffice.com.br\/index.php\/wp-json\/wp\/v2\/comments?post=1967"}],"wp:featuredmedia":[{"embeddable":true,"href":"https:\/\/executivaoffice.com.br\/index.php\/wp-json\/wp\/v2\/media\/1968"}],"wp:attachment":[{"href":"https:\/\/executivaoffice.com.br\/index.php\/wp-json\/wp\/v2\/media?parent=1967"}],"wp:term":[{"taxonomy":"product_cat","embeddable":true,"href":"https:\/\/executivaoffice.com.br\/index.php\/wp-json\/wp\/v2\/product_cat?post=1967"},{"taxonomy":"product_tag","embeddable":true,"href":"https:\/\/executivaoffice.com.br\/index.php\/wp-json\/wp\/v2\/product_tag?post=1967"}],"curies":[{"name":"wp","href":"https:\/\/api.w.org\/{rel}","templated":true}]}}