{"id":1984,"date":"2025-11-18T13:49:02","date_gmt":"2025-11-18T16:49:02","guid":{"rendered":"https:\/\/executivaoffice.com.br\/?post_type=product&#038;p=1984"},"modified":"2025-11-18T13:49:03","modified_gmt":"2025-11-18T16:49:03","slug":"poltrona-presidente-california-marrom-cafe","status":"publish","type":"product","link":"https:\/\/executivaoffice.com.br\/index.php\/produto\/poltrona-presidente-california-marrom-cafe\/","title":{"rendered":"Poltrona Presidente Calif\u00f3rnia MARROM CAF\u00c9"},"content":{"rendered":"","protected":false},"excerpt":{"rendered":"<p><b>Material:<\/b>\u00a0Assento com tecnologia de mola ensacada, garantindo m\u00e1ximo conforto. Revestimento em couro ecol\u00f3gico (PU). Base e bra\u00e7os em a\u00e7o cromado. Rodizio em PU (poliuretano).<\/p>\n<p><b>Cores Dispon\u00edveis:<\/b>\u00a0Preto, Marrom, Fendi, Caramelo e Branco.<\/p>\n<p><b>Peso Suportado:<\/b>\u00a0150 kg<\/p>\n<p><b>Dimens\u00f5es:\u00a0<\/b>C 60 x L 65 x A 112-123 cm | Altura Assento: 50-61 cm<\/p>\n<p><b>Densidade da Espuma:\u00a0<\/b>Espuma Superior: 30 g\/cm<sup>3\u00a0<\/sup>| Espuma Inferior: 60 g\/cm<sup>3<\/sup><\/p>\n<p><b>Caracter\u00edsticas:<\/b>\u00a0Regulagem de altura do assento | Assento com mola ensacada | Sistema sincronizado (travamento do encosto em qualquer posi\u00e7\u00e3o) | Bra\u00e7os fixos | Ergon\u00f4mica \u2013 Certifica\u00e7\u00e3o NR17<\/p>\n<p><b>Certifica\u00e7\u00e3o:<\/b>\u00a0Ergonomia \u2013 NR 17<\/p>\n","protected":false},"featured_media":1985,"comment_status":"open","ping_status":"closed","template":"","meta":{"_joinchat":[]},"product_cat":[31],"product_tag":[50,62,48,49,61,63],"class_list":{"0":"post-1984","1":"product","2":"type-product","3":"status-publish","4":"has-post-thumbnail","6":"product_cat-cadeira-presidente","7":"product_tag-cadeira","8":"product_tag-cadeira-para-escritorio","9":"product_tag-escritorio","10":"product_tag-luxo","11":"product_tag-moveis-escritorio","12":"product_tag-moveis-para-escritorio","14":"first","15":"instock","16":"shipping-taxable","17":"purchasable","18":"product-type-simple"},"_links":{"self":[{"href":"https:\/\/executivaoffice.com.br\/index.php\/wp-json\/wp\/v2\/product\/1984","targetHints":{"allow":["GET"]}}],"collection":[{"href":"https:\/\/executivaoffice.com.br\/index.php\/wp-json\/wp\/v2\/product"}],"about":[{"href":"https:\/\/executivaoffice.com.br\/index.php\/wp-json\/wp\/v2\/types\/product"}],"replies":[{"embeddable":true,"href":"https:\/\/executivaoffice.com.br\/index.php\/wp-json\/wp\/v2\/comments?post=1984"}],"wp:featuredmedia":[{"embeddable":true,"href":"https:\/\/executivaoffice.com.br\/index.php\/wp-json\/wp\/v2\/media\/1985"}],"wp:attachment":[{"href":"https:\/\/executivaoffice.com.br\/index.php\/wp-json\/wp\/v2\/media?parent=1984"}],"wp:term":[{"taxonomy":"product_cat","embeddable":true,"href":"https:\/\/executivaoffice.com.br\/index.php\/wp-json\/wp\/v2\/product_cat?post=1984"},{"taxonomy":"product_tag","embeddable":true,"href":"https:\/\/executivaoffice.com.br\/index.php\/wp-json\/wp\/v2\/product_tag?post=1984"}],"curies":[{"name":"wp","href":"https:\/\/api.w.org\/{rel}","templated":true}]}}