{"id":2147,"date":"2026-01-08T13:40:02","date_gmt":"2026-01-08T16:40:02","guid":{"rendered":"https:\/\/executivaoffice.com.br\/?post_type=product&#038;p=2147"},"modified":"2026-01-08T14:15:59","modified_gmt":"2026-01-08T17:15:59","slug":"cadeira-estofada-caramelo","status":"publish","type":"product","link":"https:\/\/executivaoffice.com.br\/index.php\/produto\/cadeira-estofada-caramelo\/","title":{"rendered":"Cadeira Estofada  RIVER CARAMELO"},"content":{"rendered":"<ul data-start=\"628\" data-end=\"887\">\n<li data-start=\"628\" data-end=\"700\">\n<p data-start=\"630\" data-end=\"700\">Assento e encosto revestidos em\u00a0<strong data-start=\"662\" data-end=\"700\">corino sint\u00e9tico de alta qualidade<\/strong><\/p>\n<\/li>\n<li data-start=\"701\" data-end=\"762\">\n<p data-start=\"703\" data-end=\"762\">Toque macio, f\u00e1cil limpeza e alta resist\u00eancia ao uso di\u00e1rio<\/p>\n<\/li>\n<li data-start=\"763\" data-end=\"808\">\n<p data-start=\"765\" data-end=\"808\">Costuras refor\u00e7adas com acabamento refinado<\/p>\n<\/li>\n<li data-start=\"809\" data-end=\"887\">\n<p data-start=\"811\" data-end=\"887\">Encosto com\u00a0<strong data-start=\"823\" data-end=\"844\">gomos horizontais<\/strong>\u00a0que agregam conforto e sofistica\u00e7\u00e3o visual<br \/>\n<strong>Cor:<\/strong>\u00a0Fendi (outras cores sob consulta)<br \/>\n<strong>Estofado:<\/strong>\u00a0Poli\u00e9ster: Courino Costurado \/ Espuma Injetada \/ Madeira 15mm<br \/>\n<strong>Material da Base:<\/strong>\u00a0Estrutura Fixa com Pintura Eletrost\u00e1tica<br \/>\n<strong>Garantia do Fornecedor:<\/strong> 12 meses<\/p>\n<\/li>\n<\/ul>\n","protected":false},"excerpt":{"rendered":"<p>Assento e encosto revestidos em\u00a0corino sint\u00e9tico de alta qualidade Toque macio, f\u00e1cil limpeza e alta resist\u00eancia ao uso di\u00e1rio Costuras refor\u00e7adas com acabamento refinado Encosto com\u00a0gomos horizontais\u00a0que agregam conforto e sofistica\u00e7\u00e3o visual Cor:\u00a0Fendi (outras cores sob consulta) Estofado:\u00a0Poli\u00e9ster: Courino Costurado \/ Espuma Injetada \/ Madeira 15mm Material da Base:\u00a0Estrutura Fixa com Pintura Eletrost\u00e1tica Garantia do [&hellip;]<\/p>\n","protected":false},"featured_media":2148,"comment_status":"open","ping_status":"closed","template":"","meta":{"_joinchat":[]},"product_cat":[43],"product_tag":[50,60,62,48,49,61,46],"class_list":{"0":"post-2147","1":"product","2":"type-product","3":"status-publish","4":"has-post-thumbnail","6":"product_cat-cadeira-fixa","7":"product_tag-cadeira","8":"product_tag-cadeira-fixa","9":"product_tag-cadeira-para-escritorio","10":"product_tag-escritorio","11":"product_tag-luxo","12":"product_tag-moveis-escritorio","13":"product_tag-poltrona","15":"first","16":"instock","17":"shipping-taxable","18":"purchasable","19":"product-type-simple"},"_links":{"self":[{"href":"https:\/\/executivaoffice.com.br\/index.php\/wp-json\/wp\/v2\/product\/2147","targetHints":{"allow":["GET"]}}],"collection":[{"href":"https:\/\/executivaoffice.com.br\/index.php\/wp-json\/wp\/v2\/product"}],"about":[{"href":"https:\/\/executivaoffice.com.br\/index.php\/wp-json\/wp\/v2\/types\/product"}],"replies":[{"embeddable":true,"href":"https:\/\/executivaoffice.com.br\/index.php\/wp-json\/wp\/v2\/comments?post=2147"}],"wp:featuredmedia":[{"embeddable":true,"href":"https:\/\/executivaoffice.com.br\/index.php\/wp-json\/wp\/v2\/media\/2148"}],"wp:attachment":[{"href":"https:\/\/executivaoffice.com.br\/index.php\/wp-json\/wp\/v2\/media?parent=2147"}],"wp:term":[{"taxonomy":"product_cat","embeddable":true,"href":"https:\/\/executivaoffice.com.br\/index.php\/wp-json\/wp\/v2\/product_cat?post=2147"},{"taxonomy":"product_tag","embeddable":true,"href":"https:\/\/executivaoffice.com.br\/index.php\/wp-json\/wp\/v2\/product_tag?post=2147"}],"curies":[{"name":"wp","href":"https:\/\/api.w.org\/{rel}","templated":true}]}}