{"id":2189,"date":"2026-01-15T11:01:44","date_gmt":"2026-01-15T14:01:44","guid":{"rendered":"https:\/\/executivaoffice.com.br\/?post_type=product&#038;p=2189"},"modified":"2026-01-15T11:01:44","modified_gmt":"2026-01-15T14:01:44","slug":"mesa-reuniao-240x110-nogal-sevilha","status":"publish","type":"product","link":"https:\/\/executivaoffice.com.br\/index.php\/produto\/mesa-reuniao-240x110-nogal-sevilha\/","title":{"rendered":"Mesa Reuni\u00e3o 2,40\u00d71,10 NOGAL SEVILHA"},"content":{"rendered":"<p>Mesa de Reuni\u00e3o 2,40\u00d71,10m \u2013 C\/ 01 Caixa de Tomadas NOGAL SEVILHA \u2013<\/p>\n","protected":false},"excerpt":{"rendered":"<p>Mesa de Reuni\u00e3o 2,40\u00d71,10m \u2013 C\/ 01 Caixa de Tomadas NOGAL SEVILHA \u2013<\/p>\n","protected":false},"featured_media":2190,"comment_status":"open","ping_status":"closed","template":"","meta":{"_joinchat":[]},"product_cat":[39],"product_tag":[50,62,48,47,61,51],"class_list":{"0":"post-2189","1":"product","2":"type-product","3":"status-publish","4":"has-post-thumbnail","6":"product_cat-mesas","7":"product_tag-cadeira","8":"product_tag-cadeira-para-escritorio","9":"product_tag-escritorio","10":"product_tag-moveis","11":"product_tag-moveis-escritorio","12":"product_tag-office","14":"first","15":"instock","16":"shipping-taxable","17":"purchasable","18":"product-type-simple"},"_links":{"self":[{"href":"https:\/\/executivaoffice.com.br\/index.php\/wp-json\/wp\/v2\/product\/2189","targetHints":{"allow":["GET"]}}],"collection":[{"href":"https:\/\/executivaoffice.com.br\/index.php\/wp-json\/wp\/v2\/product"}],"about":[{"href":"https:\/\/executivaoffice.com.br\/index.php\/wp-json\/wp\/v2\/types\/product"}],"replies":[{"embeddable":true,"href":"https:\/\/executivaoffice.com.br\/index.php\/wp-json\/wp\/v2\/comments?post=2189"}],"wp:featuredmedia":[{"embeddable":true,"href":"https:\/\/executivaoffice.com.br\/index.php\/wp-json\/wp\/v2\/media\/2190"}],"wp:attachment":[{"href":"https:\/\/executivaoffice.com.br\/index.php\/wp-json\/wp\/v2\/media?parent=2189"}],"wp:term":[{"taxonomy":"product_cat","embeddable":true,"href":"https:\/\/executivaoffice.com.br\/index.php\/wp-json\/wp\/v2\/product_cat?post=2189"},{"taxonomy":"product_tag","embeddable":true,"href":"https:\/\/executivaoffice.com.br\/index.php\/wp-json\/wp\/v2\/product_tag?post=2189"}],"curies":[{"name":"wp","href":"https:\/\/api.w.org\/{rel}","templated":true}]}}