{"id":2198,"date":"2026-01-19T15:17:52","date_gmt":"2026-01-19T18:17:52","guid":{"rendered":"https:\/\/executivaoffice.com.br\/?post_type=product&#038;p=2198"},"modified":"2026-01-23T13:48:57","modified_gmt":"2026-01-23T16:48:57","slug":"mesa-diretoria-com-vidro-190x150m-louro-preto","status":"publish","type":"product","link":"https:\/\/executivaoffice.com.br\/index.php\/produto\/mesa-diretoria-com-vidro-190x150m-louro-preto\/","title":{"rendered":"Mesa DIRETORIA COM VIDRO  1,90\u00d71,50m LOURO\/ PRETO"},"content":{"rendered":"<p><strong>Especifica\u00e7\u00f5es:<\/strong><\/p>\n<ul>\n<li>Vidro Fum\u00ea<\/li>\n<li>MDP<\/li>\n<li>03 Gavetas (01 para pasta suspensa)<\/li>\n<li>Arm\u00e1rio com puxador<br \/>\n<strong>Medidas (m):<\/strong><\/p>\n<ul>\n<li>Altura: 0,75m<\/li>\n<li>Largura: 1,90m<\/li>\n<li>Profundidade total: 1,50m<\/li>\n<li>Profundidade do tampo: 0,70m<\/li>\n<\/ul>\n<\/li>\n<\/ul>\n","protected":false},"excerpt":{"rendered":"<p>Especifica\u00e7\u00f5es: Vidro Fum\u00ea MDP 03 Gavetas (01 para pasta suspensa) Arm\u00e1rio com puxador Medidas (m): Altura: 0,75m Largura: 1,90m Profundidade total: 1,50m Profundidade do tampo: 0,70m<\/p>\n","protected":false},"featured_media":2199,"comment_status":"open","ping_status":"closed","template":"","meta":{"_joinchat":[]},"product_cat":[39],"product_tag":[48,49,59,47,61,63,68],"class_list":{"0":"post-2198","1":"product","2":"type-product","3":"status-publish","4":"has-post-thumbnail","6":"product_cat-mesas","7":"product_tag-escritorio","8":"product_tag-luxo","9":"product_tag-mesa","10":"product_tag-moveis","11":"product_tag-moveis-escritorio","12":"product_tag-moveis-para-escritorio","13":"product_tag-sofa","15":"first","16":"instock","17":"shipping-taxable","18":"purchasable","19":"product-type-simple"},"_links":{"self":[{"href":"https:\/\/executivaoffice.com.br\/index.php\/wp-json\/wp\/v2\/product\/2198","targetHints":{"allow":["GET"]}}],"collection":[{"href":"https:\/\/executivaoffice.com.br\/index.php\/wp-json\/wp\/v2\/product"}],"about":[{"href":"https:\/\/executivaoffice.com.br\/index.php\/wp-json\/wp\/v2\/types\/product"}],"replies":[{"embeddable":true,"href":"https:\/\/executivaoffice.com.br\/index.php\/wp-json\/wp\/v2\/comments?post=2198"}],"wp:featuredmedia":[{"embeddable":true,"href":"https:\/\/executivaoffice.com.br\/index.php\/wp-json\/wp\/v2\/media\/2199"}],"wp:attachment":[{"href":"https:\/\/executivaoffice.com.br\/index.php\/wp-json\/wp\/v2\/media?parent=2198"}],"wp:term":[{"taxonomy":"product_cat","embeddable":true,"href":"https:\/\/executivaoffice.com.br\/index.php\/wp-json\/wp\/v2\/product_cat?post=2198"},{"taxonomy":"product_tag","embeddable":true,"href":"https:\/\/executivaoffice.com.br\/index.php\/wp-json\/wp\/v2\/product_tag?post=2198"}],"curies":[{"name":"wp","href":"https:\/\/api.w.org\/{rel}","templated":true}]}}