{"id":2235,"date":"2026-02-24T12:54:01","date_gmt":"2026-02-24T15:54:01","guid":{"rendered":"https:\/\/executivaoffice.com.br\/?post_type=product&#038;p=2235"},"modified":"2026-04-08T10:54:55","modified_gmt":"2026-04-08T13:54:55","slug":"poltrona-presidente-montana","status":"publish","type":"product","link":"https:\/\/executivaoffice.com.br\/index.php\/produto\/poltrona-presidente-montana\/","title":{"rendered":"POLTRONA PRESIDENTE MONTANA"},"content":{"rendered":"<p><b>Material:\u00a0<\/b>Polipropileno, tela de alta resist\u00eancia e base de nylon.<\/p>\n<p><b>Cor Dispon\u00edvel:<\/b>\u00a0Preto<\/p>\n<p><b>Peso Suportado:\u00a0<\/b>150kg<\/p>\n<p><b>Dimens\u00f5es:<\/b>\u00a0C 54 x L 66 x A 116-126 cm | Altura Assento: 44-54 cm<\/p>\n<p><b>Caracter\u00edsticas:<\/b>\u00a0Regulagem de altura do assento | Regulagem de altura dos bra\u00e7os | Assento com espuma laminada de alta densidade| Regulagem da inclina\u00e7\u00e3o do encosto | Sistema sincronizado (travamento do encosto em qualquer posi\u00e7\u00e3o) | Apoio de lombar regul\u00e1vel | Apoio de cabe\u00e7a regul\u00e1vel | Ergon\u00f4mica \u2013 Certifica\u00e7\u00e3o NR 17<\/p>\n<p><b>Certifica\u00e7\u00e3o:\u00a0<\/b>Ergonomia \u2013 NR 17<\/p>\n<p><b>Descri\u00e7\u00e3o:<\/b>\u00a0A cadeira Montana Presidente por ser ergon\u00f4mica, \u00e9 perfeita para trabalhar, seja no escrit\u00f3rio ou em casa! Totalmente ajust\u00e1vel, com regulagem de bra\u00e7os, assento e encosto, se adapta \u00e0s necessidades de cada pessoa. Seu assento em espuma laminada de alta densidade, proporciona conforto e o encosto em tela com apoio lombar previne dores nas costas e se molda ao corpo. Certificada pela NR17, garante uma postura correta e ergon\u00f4mica durante o uso.<\/p>\n","protected":false},"excerpt":{"rendered":"<p>Material:\u00a0Polipropileno, tela de alta resist\u00eancia e base de nylon. Cor Dispon\u00edvel:\u00a0Preto Peso Suportado:\u00a0150kg Dimens\u00f5es:\u00a0C 54 x L 66 x A 116-126 cm | Altura Assento: 44-54 cm Caracter\u00edsticas:\u00a0Regulagem de altura do assento | Regulagem de altura dos bra\u00e7os | Assento com espuma laminada de alta densidade| Regulagem da inclina\u00e7\u00e3o do encosto | Sistema sincronizado (travamento [&hellip;]<\/p>\n","protected":false},"featured_media":2236,"comment_status":"open","ping_status":"closed","template":"","meta":{"_joinchat":[]},"product_cat":[35,31],"product_tag":[50,62,48,49,46],"class_list":{"0":"post-2235","1":"product","2":"type-product","3":"status-publish","4":"has-post-thumbnail","6":"product_cat-cadeira-de-tela","7":"product_cat-cadeira-presidente","8":"product_tag-cadeira","9":"product_tag-cadeira-para-escritorio","10":"product_tag-escritorio","11":"product_tag-luxo","12":"product_tag-poltrona","14":"first","15":"instock","16":"shipping-taxable","17":"purchasable","18":"product-type-simple"},"_links":{"self":[{"href":"https:\/\/executivaoffice.com.br\/index.php\/wp-json\/wp\/v2\/product\/2235","targetHints":{"allow":["GET"]}}],"collection":[{"href":"https:\/\/executivaoffice.com.br\/index.php\/wp-json\/wp\/v2\/product"}],"about":[{"href":"https:\/\/executivaoffice.com.br\/index.php\/wp-json\/wp\/v2\/types\/product"}],"replies":[{"embeddable":true,"href":"https:\/\/executivaoffice.com.br\/index.php\/wp-json\/wp\/v2\/comments?post=2235"}],"wp:featuredmedia":[{"embeddable":true,"href":"https:\/\/executivaoffice.com.br\/index.php\/wp-json\/wp\/v2\/media\/2236"}],"wp:attachment":[{"href":"https:\/\/executivaoffice.com.br\/index.php\/wp-json\/wp\/v2\/media?parent=2235"}],"wp:term":[{"taxonomy":"product_cat","embeddable":true,"href":"https:\/\/executivaoffice.com.br\/index.php\/wp-json\/wp\/v2\/product_cat?post=2235"},{"taxonomy":"product_tag","embeddable":true,"href":"https:\/\/executivaoffice.com.br\/index.php\/wp-json\/wp\/v2\/product_tag?post=2235"}],"curies":[{"name":"wp","href":"https:\/\/api.w.org\/{rel}","templated":true}]}}