{"id":2321,"date":"2026-04-28T15:43:34","date_gmt":"2026-04-28T18:43:34","guid":{"rendered":"https:\/\/executivaoffice.com.br\/?post_type=product&#038;p=2321"},"modified":"2026-04-28T15:43:34","modified_gmt":"2026-04-28T18:43:34","slug":"cadeira-diretorzinha-back-system-costurado-c-bracos-regulaveis","status":"publish","type":"product","link":"https:\/\/executivaoffice.com.br\/index.php\/produto\/cadeira-diretorzinha-back-system-costurado-c-bracos-regulaveis\/","title":{"rendered":"Cadeira Diretorzinha Back System Costurado C\/ Bra\u00e7os Regul\u00e1veis"},"content":{"rendered":"","protected":false},"excerpt":{"rendered":"<p data-start=\"199\" data-end=\"402\">a cadeira diretorzinha Backsystem Costurada possui encosto com regulagem de altura, permitindo ajuste ideal para diferentes usu\u00e1rios.<\/p>\n<p data-start=\"404\" data-end=\"697\">Seu mecanismo backsystem possibilita a inclina\u00e7\u00e3o do encosto para tr\u00e1s com travamento em diversas posi\u00e7\u00f5es, proporcionando maior conforto durante longos per\u00edodos de uso. Conta ainda com regulagem de altura do assento e bra\u00e7os regul\u00e1veis, garantindo mais praticidade e adapta\u00e7\u00e3o ao dia a dia.<\/p>\n<p data-start=\"699\" data-end=\"839\">\n<p data-start=\"841\" data-end=\"1133\"><strong data-start=\"841\" data-end=\"861\">Caracter\u00edsticas:<\/strong><br data-start=\"861\" data-end=\"864\" \/>\u2022 Encosto com regulagem de altura<br data-start=\"897\" data-end=\"900\" \/>\u2022 Inclina\u00e7\u00e3o do encosto com travamento em diferentes posi\u00e7\u00f5es<br data-start=\"961\" data-end=\"964\" \/>\u2022 Bra\u00e7os regul\u00e1veis<br data-start=\"983\" data-end=\"986\" \/>\u2022 Regulagem de altura do assento<br data-start=\"1018\" data-end=\"1021\" \/>\u2022 Revestimento em courino preto costurado<br data-start=\"1062\" data-end=\"1065\" \/>\u2022 Base girat\u00f3ria com rod\u00edzios<br data-start=\"1094\" data-end=\"1097\" \/>\u2022 Produto em conformidade com NR17<\/p>\n","protected":false},"featured_media":2322,"comment_status":"open","ping_status":"closed","template":"","meta":{"_joinchat":[]},"product_cat":[32],"product_tag":[],"class_list":{"0":"post-2321","1":"product","2":"type-product","3":"status-publish","4":"has-post-thumbnail","6":"product_cat-cadeira-diretor","8":"first","9":"instock","10":"shipping-taxable","11":"purchasable","12":"product-type-simple"},"_links":{"self":[{"href":"https:\/\/executivaoffice.com.br\/index.php\/wp-json\/wp\/v2\/product\/2321","targetHints":{"allow":["GET"]}}],"collection":[{"href":"https:\/\/executivaoffice.com.br\/index.php\/wp-json\/wp\/v2\/product"}],"about":[{"href":"https:\/\/executivaoffice.com.br\/index.php\/wp-json\/wp\/v2\/types\/product"}],"replies":[{"embeddable":true,"href":"https:\/\/executivaoffice.com.br\/index.php\/wp-json\/wp\/v2\/comments?post=2321"}],"wp:featuredmedia":[{"embeddable":true,"href":"https:\/\/executivaoffice.com.br\/index.php\/wp-json\/wp\/v2\/media\/2322"}],"wp:attachment":[{"href":"https:\/\/executivaoffice.com.br\/index.php\/wp-json\/wp\/v2\/media?parent=2321"}],"wp:term":[{"taxonomy":"product_cat","embeddable":true,"href":"https:\/\/executivaoffice.com.br\/index.php\/wp-json\/wp\/v2\/product_cat?post=2321"},{"taxonomy":"product_tag","embeddable":true,"href":"https:\/\/executivaoffice.com.br\/index.php\/wp-json\/wp\/v2\/product_tag?post=2321"}],"curies":[{"name":"wp","href":"https:\/\/api.w.org\/{rel}","templated":true}]}}