{"id":312,"date":"2024-02-26T10:25:25","date_gmt":"2024-02-26T13:25:25","guid":{"rendered":"https:\/\/executivaoffice.com.br\/?post_type=product&#038;p=312"},"modified":"2025-11-25T10:09:08","modified_gmt":"2025-11-25T13:09:08","slug":"armario-alto-credenza-com-nicho","status":"publish","type":"product","link":"https:\/\/executivaoffice.com.br\/index.php\/produto\/armario-alto-credenza-com-nicho\/","title":{"rendered":"Arm\u00e1rio Alto GOLDH"},"content":{"rendered":"<p><strong>Arm\u00e1rio Alto Credenza com Nicho \u2013 1,61\u00d71,20\u00d70,45m NOGAL SEVILHA\/PRETO \u2013 21415<\/strong><\/p>\n<p><strong>Ficha T\u00e9cnica:<\/strong><\/p>\n<p>Garantia do Fornecedor: 24 Meses<\/p>\n<p>Altura (cm): 160<\/p>\n<p>Largura (cm): 120<\/p>\n<p>Profundidade (cm): 45<\/p>\n<p><strong>Conte\u00fado da Embalagem: Arm\u00e1rio Alto Credenza com Nicho \u2013 1,61\u00d71,20\u00d70,45m NOGAL SEVILHA\/PRETO<\/strong><\/p>\n<p>Portas: 02 Portas c\/ Tranca<\/p>\n<p>Peso da embalagem c\/ produto (kg): 70<\/p>\n<p>Total de Volumes: 04<\/p>\n<p><strong>Ambiente: Escrit\u00f3rio<\/strong><\/p>\n<p>Cores Dispon\u00edveis: Nogal sevilha \/ Preto<\/p>\n<p>Material do Tampo: MDP de 40mm com Revestimento Melam\u00ednico de Baixa Press\u00e3o (BP)<\/p>\n<p>Outros Recursos \/ Mais informa\u00e7\u00f5es: Sapatas Niveladoras de Altura \/ Tranca com 02 Chaves \/ Bandejas<\/p>\n<p>Composi\u00e7\u00e3o: Corpo, Tampo, bandejas, Portas<\/p>\n<p><strong>Marca: Pollo M\u00f3veis<\/strong><\/p>\n<p>Material da Estrutura: MDP com Revestimento Melam\u00ednico de Baixa Press\u00e3o (BP)<\/p>\n<p>Corpo (Material): MDP com Revestimento Melam\u00ednico de Baixa Press\u00e3o (BP)<\/p>\n<p>N\u00famero de Portas: 02<\/p>\n<p><strong>Produto \u00e9 enviado desmontado (n\u00e3o realizamos a montagem) \u2013 Acompanha manual de instru\u00e7\u00f5es para montagem.<\/strong><\/p>\n<p>Primeiro consulte o valor do frete e prazo de entrega atrav\u00e9s das perguntas e s\u00f3 clique em comprar quando tiver certeza da compra e n\u00e3o tiver nenhuma d\u00favida.<\/p>\n<p>A Transportadora n\u00e3o se responsabiliza, no ato da entrega, por subir escadas\/elevadores ou transporte por guincho em apartamentos. Eventuais despesas s\u00e3o de responsabilidade do comprador. Confira as dimens\u00f5es deste produto e certifique-se de que passar\u00e1 normalmente por supostos elevadores, portas, escadas e\/ou corredores.<\/p>\n<p>Para mais informa\u00e7\u00f5es, acesse nossa Central de Atendimento.<\/p>\n<p><strong>Arm\u00e1rio Alto Credenza com Nicho \u2013 1,61\u00d71,20\u00d70,45m NOGAL SEVILHA\/PRETO \u2013 21415<\/strong><\/p>\n","protected":false},"excerpt":{"rendered":"<p><strong>Arm\u00e1rio Alto Credenza com Nicho \u2013 1,61\u00d71,20\u00d70,45m NOGAL SEVILHA\/PRETO \u2013 21415<\/strong><\/p>\n<p><strong>Ficha T\u00e9cnica:<\/strong><\/p>\n<p>Garantia do Fornecedor: 24 Meses<\/p>\n<p>Altura (cm): 160<\/p>\n<p>Largura (cm): 120<\/p>\n<p>Profundidade (cm): 45<\/p>\n","protected":false},"featured_media":1032,"comment_status":"open","ping_status":"closed","template":"","meta":{"_joinchat":[]},"product_cat":[28],"product_tag":[],"class_list":{"0":"post-312","1":"product","2":"type-product","3":"status-publish","4":"has-post-thumbnail","6":"product_cat-armarios","8":"first","9":"instock","10":"shipping-taxable","11":"purchasable","12":"product-type-simple"},"_links":{"self":[{"href":"https:\/\/executivaoffice.com.br\/index.php\/wp-json\/wp\/v2\/product\/312","targetHints":{"allow":["GET"]}}],"collection":[{"href":"https:\/\/executivaoffice.com.br\/index.php\/wp-json\/wp\/v2\/product"}],"about":[{"href":"https:\/\/executivaoffice.com.br\/index.php\/wp-json\/wp\/v2\/types\/product"}],"replies":[{"embeddable":true,"href":"https:\/\/executivaoffice.com.br\/index.php\/wp-json\/wp\/v2\/comments?post=312"}],"wp:featuredmedia":[{"embeddable":true,"href":"https:\/\/executivaoffice.com.br\/index.php\/wp-json\/wp\/v2\/media\/1032"}],"wp:attachment":[{"href":"https:\/\/executivaoffice.com.br\/index.php\/wp-json\/wp\/v2\/media?parent=312"}],"wp:term":[{"taxonomy":"product_cat","embeddable":true,"href":"https:\/\/executivaoffice.com.br\/index.php\/wp-json\/wp\/v2\/product_cat?post=312"},{"taxonomy":"product_tag","embeddable":true,"href":"https:\/\/executivaoffice.com.br\/index.php\/wp-json\/wp\/v2\/product_tag?post=312"}],"curies":[{"name":"wp","href":"https:\/\/api.w.org\/{rel}","templated":true}]}}