{"id":409,"date":"2024-02-27T14:06:52","date_gmt":"2024-02-27T17:06:52","guid":{"rendered":"https:\/\/executivaoffice.com.br\/?post_type=product&#038;p=409"},"modified":"2024-03-12T16:02:33","modified_gmt":"2024-03-12T19:02:33","slug":"cadeira-secretaria-giratoria-com-bracos-regulaveis-estofada-preta","status":"publish","type":"product","link":"https:\/\/executivaoffice.com.br\/index.php\/produto\/cadeira-secretaria-giratoria-com-bracos-regulaveis-estofada-preta\/","title":{"rendered":"Cadeira Secret\u00e1ria Girat\u00f3ria Com Bra\u00e7os Regul\u00e1veis Estofada Preta"},"content":{"rendered":"<h3><strong>Cadeira Secret\u00e1ria com Bra\u00e7os Bra\u00e7os Regul\u00e1veis<\/strong><\/h3>\n<p><b>Dimens\u00f5es do produto:<\/b>\u00a083 x 55L x 46P CM<br \/>\n<b>Estofado:<\/b>\u00a0Madeira Anat\u00f4mica de 15mm \/ Espuma Injetada \/ Corino<br \/>\n<b><strong>Material da Base<\/strong>:<\/b>\u00a0Pist\u00e3o \u00e0 G\u00e1s classe 3 \/ Aranha Preta \/ Plataforma Simples<br \/>\n<b>Cor:<\/b>\u00a0Preto (outras cores sob consulta)<br \/>\n<b>Possui Bra\u00e7os:\u00a0<\/b>Sim (regul\u00e1veis)<br \/>\n<b>Regulagem de altura:<\/b>\u00a0Sim (pist\u00e3o a g\u00e1s classe 3 suporta 130 Kilos)<br \/>\n<b>Garantia do Fornecedor:<\/b>\u00a036 meses de Garantia<\/p>\n","protected":false},"excerpt":{"rendered":"<blockquote>\n<h4>\u201cCadeira Secret\u00e1ria Girat\u00f3ria com Bra\u00e7os Regul\u00e1veis \u00e9 enviado desmontada e embalada\u201d<\/h4>\n<\/blockquote>\n<p>&nbsp;<\/p>\n<p>Cadeira Secret\u00e1ria Girat\u00f3ria possui regulagem de bra\u00e7os, possui regulagem da altura do assento para uma melhor postura, adaptando-se ao seu usu\u00e1rio.<\/p>\n<p>&nbsp;<\/p>\n<p><strong>Descri\u00e7\u00e3o do Produto:<\/strong><\/p>\n<p>&nbsp;<\/p>\n<ul>\n<li>Garantia: 36 meses.<\/li>\n<li>Cor do estofado: Preto (outras cores sob consulta)<\/li>\n<li>Estrela em Nylon: 5 anos de Garantia<\/li>\n<li>Sistema de regulagem: Regulagem de altura<\/li>\n<li>Autonomia de peso: 110 Kg<\/li>\n<li>Dimens\u00f5es:\u00a083 x 55L x 46P CM<\/li>\n<li>Possui bra\u00e7os: Sim (regul\u00e1veis)<\/li>\n<li>Possui encosto de cabe\u00e7a: N\u00e3o<\/li>\n<li>Material das rodas: Rodizios em PP<\/li>\n<\/ul>\n<p>*OBS: Este produto \u00e9 vendido desmontado e embalado.<\/p>\n<p>&nbsp;<\/p>\n<p><strong>Especifica\u00e7\u00e3o do material do assento\/encosto:<\/strong><\/p>\n<p><strong>\u00a0<\/strong>Madeira Anat\u00f4mica de 15mm \/ Espuma Injetada \/ Corino Preto<\/p>\n<p>&nbsp;<\/p>\n<h4><strong>Cadeira Secret\u00e1ria Girat\u00f3ria com bra\u00e7os regul\u00e1veis \u2013 Cor Preta \u2013 <\/strong><\/h4>\n<p><strong>Instru\u00e7\u00f5es de Limpeza:<\/strong><br \/>\nPassar um pano levemente umedecido com \u00e1gua ou detergente neutro e em seguida um pano seco para as limpezas do dia a dia.<br \/>\nNunca use produtos abrasivos, como sapon\u00e1ceos, esponja de a\u00e7o, escova com cerdas duras, entre outros.<\/p>\n<p>&nbsp;<\/p>\n<p><strong>Instru\u00e7\u00f5es de Conserva\u00e7\u00e3o:<\/strong><br \/>\nEvitar expor\/utilizar os produtos em ambientes com alta umidade, exemplo: c\u00e2maras frias, saunas e \u00e1reas molhadas.<br \/>\nN\u00e3o expor a produtos corrosivos, exemplo: \u00e1cido, cloro etc.<\/p>\n<p>&nbsp;<\/p>\n","protected":false},"featured_media":410,"comment_status":"open","ping_status":"closed","template":"","meta":{"_joinchat":[]},"product_cat":[45],"product_tag":[],"class_list":{"0":"post-409","1":"product","2":"type-product","3":"status-publish","4":"has-post-thumbnail","6":"product_cat-cadeiras","8":"first","9":"instock","10":"shipping-taxable","11":"purchasable","12":"product-type-simple"},"_links":{"self":[{"href":"https:\/\/executivaoffice.com.br\/index.php\/wp-json\/wp\/v2\/product\/409","targetHints":{"allow":["GET"]}}],"collection":[{"href":"https:\/\/executivaoffice.com.br\/index.php\/wp-json\/wp\/v2\/product"}],"about":[{"href":"https:\/\/executivaoffice.com.br\/index.php\/wp-json\/wp\/v2\/types\/product"}],"replies":[{"embeddable":true,"href":"https:\/\/executivaoffice.com.br\/index.php\/wp-json\/wp\/v2\/comments?post=409"}],"wp:featuredmedia":[{"embeddable":true,"href":"https:\/\/executivaoffice.com.br\/index.php\/wp-json\/wp\/v2\/media\/410"}],"wp:attachment":[{"href":"https:\/\/executivaoffice.com.br\/index.php\/wp-json\/wp\/v2\/media?parent=409"}],"wp:term":[{"taxonomy":"product_cat","embeddable":true,"href":"https:\/\/executivaoffice.com.br\/index.php\/wp-json\/wp\/v2\/product_cat?post=409"},{"taxonomy":"product_tag","embeddable":true,"href":"https:\/\/executivaoffice.com.br\/index.php\/wp-json\/wp\/v2\/product_tag?post=409"}],"curies":[{"name":"wp","href":"https:\/\/api.w.org\/{rel}","templated":true}]}}