{"id":470,"date":"2024-02-28T15:25:25","date_gmt":"2024-02-28T18:25:25","guid":{"rendered":"https:\/\/executivaoffice.com.br\/?post_type=product&#038;p=470"},"modified":"2026-04-02T14:34:38","modified_gmt":"2026-04-02T17:34:38","slug":"cadeira-escritorio-presidente-alta-com-bracos-corsa","status":"publish","type":"product","link":"https:\/\/executivaoffice.com.br\/index.php\/produto\/cadeira-escritorio-presidente-alta-com-bracos-corsa\/","title":{"rendered":"CADEIRA PRESIDENTE ALTA BRA\u00c7O CORSA"},"content":{"rendered":"<p data-start=\"99\" data-end=\"354\">A Cadeira Presidente Alta Costurada \u00e9 a escolha ideal para quem busca conforto, resist\u00eancia. Seu acabamento costurado valoriza o design e traz um toque\u00a0 perfeito para escrit\u00f3rios e home office.<\/p>\n<p data-start=\"99\" data-end=\"354\">conta com estrutura refor\u00e7ada e excelente capacidade de carga, garantindo seguran\u00e7a e conforto mesmo em longas jornadas.<\/p>\n","protected":false},"excerpt":{"rendered":"<h3 data-section-id=\"zuu41a\" data-start=\"539\" data-end=\"570\"><span role=\"text\"><strong data-start=\"543\" data-end=\"570\">Especifica\u00e7\u00f5es T\u00e9cnicas<\/strong><\/span><\/h3>\n<p data-start=\"572\" data-end=\"695\">\u2022 Altura total: 130 cm<br data-start=\"594\" data-end=\"597\" \/>\u2022 Largura: 55 cm<br data-start=\"613\" data-end=\"616\" \/>\u2022 Profundidade: 58 cm<br data-start=\"637\" data-end=\"640\" \/>\u2022 Capacidade de peso: at\u00e9 150 kg<br data-start=\"672\" data-end=\"675\" \/>\u2022 Garantia: 01 ano<\/p>\n<hr data-start=\"697\" data-end=\"700\" \/>\n<h3 data-section-id=\"1cyohhf\" data-start=\"702\" data-end=\"732\"><span role=\"text\"><strong data-start=\"706\" data-end=\"732\">Materiais e Acabamento<\/strong><\/span><\/h3>\n<p data-start=\"734\" data-end=\"837\">\u2022 Espuma injetada<br data-start=\"751\" data-end=\"754\" \/>\u2022 Revestimento em corino<br data-start=\"778\" data-end=\"781\" \/>\u2022 Cor do estofado: Preto<br data-start=\"805\" data-end=\"808\" \/>\u2022 Outras cores sob consulta<\/p>\n","protected":false},"featured_media":471,"comment_status":"open","ping_status":"closed","template":"","meta":{"_joinchat":[]},"product_cat":[31],"product_tag":[62],"class_list":{"0":"post-470","1":"product","2":"type-product","3":"status-publish","4":"has-post-thumbnail","6":"product_cat-cadeira-presidente","7":"product_tag-cadeira-para-escritorio","9":"first","10":"instock","11":"shipping-taxable","12":"purchasable","13":"product-type-simple"},"_links":{"self":[{"href":"https:\/\/executivaoffice.com.br\/index.php\/wp-json\/wp\/v2\/product\/470","targetHints":{"allow":["GET"]}}],"collection":[{"href":"https:\/\/executivaoffice.com.br\/index.php\/wp-json\/wp\/v2\/product"}],"about":[{"href":"https:\/\/executivaoffice.com.br\/index.php\/wp-json\/wp\/v2\/types\/product"}],"replies":[{"embeddable":true,"href":"https:\/\/executivaoffice.com.br\/index.php\/wp-json\/wp\/v2\/comments?post=470"}],"wp:featuredmedia":[{"embeddable":true,"href":"https:\/\/executivaoffice.com.br\/index.php\/wp-json\/wp\/v2\/media\/471"}],"wp:attachment":[{"href":"https:\/\/executivaoffice.com.br\/index.php\/wp-json\/wp\/v2\/media?parent=470"}],"wp:term":[{"taxonomy":"product_cat","embeddable":true,"href":"https:\/\/executivaoffice.com.br\/index.php\/wp-json\/wp\/v2\/product_cat?post=470"},{"taxonomy":"product_tag","embeddable":true,"href":"https:\/\/executivaoffice.com.br\/index.php\/wp-json\/wp\/v2\/product_tag?post=470"}],"curies":[{"name":"wp","href":"https:\/\/api.w.org\/{rel}","templated":true}]}}