{"id":703,"date":"2024-03-04T16:18:48","date_gmt":"2024-03-04T19:18:48","guid":{"rendered":"https:\/\/executivaoffice.com.br\/?post_type=product&#038;p=703"},"modified":"2024-09-11T11:05:22","modified_gmt":"2024-09-11T14:05:22","slug":"cadeira-longarina-plastica-02-lugares-cor-preto-mrplast","status":"publish","type":"product","link":"https:\/\/executivaoffice.com.br\/index.php\/produto\/cadeira-longarina-plastica-02-lugares-cor-preto-mrplast\/","title":{"rendered":"Cadeira Longarina PL\u00c1STICA 02 Lugares \u2013 Cor Preto \u2013 MRPLAST"},"content":{"rendered":"<p><strong>Especifica\u00e7\u00f5es:<\/strong><\/p>\n<ul>\n<li>Cadeira longarina PL\u00c1STICA 02 Lugares<\/li>\n<li>Assento e encosto em polipropileno<\/li>\n<li>Base de a\u00e7o com pintura eletrost\u00e1tica (Mont\u00e1vel)<\/li>\n<\/ul>\n<p><strong>Garantia do Fornecedor: 24 Meses<\/strong><\/p>\n<p>&nbsp;<\/p>\n<p><strong>Medidas (m):<\/strong><\/p>\n<ul>\n<li>Altura: 0,89m<\/li>\n<li>Largura: 0,97m<\/li>\n<li>Profundidade: 0,36m<\/li>\n<\/ul>\n<p><strong>Especifica\u00e7\u00f5es<\/strong>:<\/p>\n<ul>\n<li>Peso Suportado (Kg): 120 por assento<\/li>\n<li>Modelo: Cadeira Longarina<\/li>\n<li>Refer\u00eancia do Modelo: Longarina Pl\u00e1stica 2 Lugares<\/li>\n<\/ul>\n<ul>\n<li><strong>Itens inclusos na embalagem da Cadeira Longarina 2 Lugares:<\/strong><\/li>\n<\/ul>\n<ul>\n<li>02 Assento e encosto<\/li>\n<li>01 estrutura mont\u00e1vel<\/li>\n<li>01 Kit para montagem<\/li>\n<\/ul>\n<p><strong>Produto enviado desmontado (n\u00e3o realizamos a montagem) \u2013 Acompanha manual de instru\u00e7\u00f5es para montagem.<\/strong><\/p>\n<ul>\n<li>A Transportadora n\u00e3o se responsabiliza, no ato da entrega, por subir escadas\/elevadores ou transporte por guincho em apartamentos.<\/li>\n<li>Eventuais despesas s\u00e3o de responsabilidade do comprador.<\/li>\n<li>Confira as dimens\u00f5es deste produto e certifique-se de que passar\u00e1 normalmente por supostos elevadores, portas, escadas e\/ou corredores.<\/li>\n<li>Para mais informa\u00e7\u00f5es, acesse nossa Central de Atendimento.<\/li>\n<\/ul>\n<p><strong>Informa\u00e7\u00f5es sobre a GARANTIA:\u00a0<\/strong><\/p>\n<p>&nbsp;<\/p>\n<p>\u2022 GARANTIA \u00e9 somente para DEFEITO DE FABRICA\u00c7\u00c3O (artigo 12, CDC)<\/p>\n<p>\u2022\u00a0A garantia n\u00e3o cobre defeitos de manuseio, deteriora\u00e7\u00e3o natural ou danos de terceiros e mau uso.<\/p>\n<p>\u2022 O servi\u00e7o ou pedido somente ser\u00e1 efetuado se estiver dentro do prazo da garantia (legal ou contratual)<\/p>\n","protected":false},"excerpt":{"rendered":"<p>Especifica\u00e7\u00f5es: Cadeira longarina PL\u00c1STICA 02 Lugares Assento e encosto em polipropileno Base de a\u00e7o com pintura eletrost\u00e1tica (Mont\u00e1vel) Garantia do Fornecedor: 24 Meses &nbsp; Medidas (m): Altura: 0,89m Largura: 0,97m Profundidade: 0,36m Especifica\u00e7\u00f5es: Peso Suportado (Kg): 120 por assento Modelo: Cadeira Longarina Refer\u00eancia do Modelo: Longarina Pl\u00e1stica 2 Lugares Itens inclusos na embalagem da Cadeira [&hellip;]<\/p>\n","protected":false},"featured_media":704,"comment_status":"open","ping_status":"closed","template":"","meta":{"_joinchat":[]},"product_cat":[37],"product_tag":[],"class_list":{"0":"post-703","1":"product","2":"type-product","3":"status-publish","4":"has-post-thumbnail","6":"product_cat-longarinas","8":"first","9":"instock","10":"shipping-taxable","11":"purchasable","12":"product-type-simple"},"_links":{"self":[{"href":"https:\/\/executivaoffice.com.br\/index.php\/wp-json\/wp\/v2\/product\/703","targetHints":{"allow":["GET"]}}],"collection":[{"href":"https:\/\/executivaoffice.com.br\/index.php\/wp-json\/wp\/v2\/product"}],"about":[{"href":"https:\/\/executivaoffice.com.br\/index.php\/wp-json\/wp\/v2\/types\/product"}],"replies":[{"embeddable":true,"href":"https:\/\/executivaoffice.com.br\/index.php\/wp-json\/wp\/v2\/comments?post=703"}],"wp:featuredmedia":[{"embeddable":true,"href":"https:\/\/executivaoffice.com.br\/index.php\/wp-json\/wp\/v2\/media\/704"}],"wp:attachment":[{"href":"https:\/\/executivaoffice.com.br\/index.php\/wp-json\/wp\/v2\/media?parent=703"}],"wp:term":[{"taxonomy":"product_cat","embeddable":true,"href":"https:\/\/executivaoffice.com.br\/index.php\/wp-json\/wp\/v2\/product_cat?post=703"},{"taxonomy":"product_tag","embeddable":true,"href":"https:\/\/executivaoffice.com.br\/index.php\/wp-json\/wp\/v2\/product_tag?post=703"}],"curies":[{"name":"wp","href":"https:\/\/api.w.org\/{rel}","templated":true}]}}