{"id":709,"date":"2024-03-05T09:14:36","date_gmt":"2024-03-05T12:14:36","guid":{"rendered":"https:\/\/executivaoffice.com.br\/?post_type=product&#038;p=709"},"modified":"2024-09-11T11:04:41","modified_gmt":"2024-09-11T14:04:41","slug":"cadeira-gamer-giratoria-blx-gamer-6009g-vermelho-preto","status":"publish","type":"product","link":"https:\/\/executivaoffice.com.br\/index.php\/produto\/cadeira-gamer-giratoria-blx-gamer-6009g-vermelho-preto\/","title":{"rendered":"Cadeira Gamer Girat\u00f3ria BLX GAMER 6009G \u2013 Vermelho\/Preto"},"content":{"rendered":"<p>Cadeira Gamer Girat\u00f3ria BLX GAMER 6009G \u2013 Vermelho\/Preto \u2013 30031<\/p>\n<p><strong>Modelo:<\/strong>\u00a0Cadeira para Escrit\u00f3rio<\/p>\n<p><strong>Refer\u00eancia do Modelo:<\/strong>\u00a0Cadeira Gamer<\/p>\n<p><strong>Cor:<\/strong>\u00a0Vermelho\/Preto<\/p>\n<p><strong>Assento e encosto:<\/strong>\u00a0Corino personalizado<\/p>\n<p><strong>Material da Base:\u00a0<\/strong>Base girat\u00f3ria, Regulagem de inclina\u00e7\u00e3o, Regulagem de altura, Base e Bra\u00e7os regul\u00e1veis<\/p>\n<p><strong>Peso Suportado (Kg):<\/strong>\u00a0120<\/p>\n<p><strong>Garantia do Fornecedor:<\/strong>\u00a024 Meses<\/p>\n<p><strong>Marca:<\/strong>\u00a0BLX GAMER<\/p>\n","protected":false},"excerpt":{"rendered":"<p><strong>Cadeira Gamer Girat\u00f3ria BLX GAMER 6009G \u2013 Vermelho\/Preto \u2013 30031<\/strong><\/p>\n<p><strong>Ficha T\u00e9cnica:<\/strong><\/p>\n<p>Garantia do Fornecedor: 24 Meses<\/p>\n<p><strong>Modelo:\u00a0<\/strong>Cadeira para Escrit\u00f3rio<\/p>\n<p>Refer\u00eancia do Modelo: Cadeira Gamer<\/p>\n<p>Conte\u00fado da Embalagem: Assento e Encosto \/ Base e Bra\u00e7os regul\u00e1veis<\/p>\n<p><strong>Peso Suportado (Kg): 120<\/strong><\/p>\n<p>Peso da embalagem c\/ produto (kg): 15<\/p>\n<p>Total de Volumes: 01<\/p>\n<p><strong>Ambiente:<\/strong>\u00a0Casa e Escrit\u00f3rio<\/p>\n<p>Cores Dispon\u00edveis:\u00a0<strong>Preto\/Vermelho<\/strong><\/p>\n<p><strong>Material do Revestimento:<\/strong>\u00a0Corino<\/p>\n<p><strong>Outros Recursos \/ Mais informa\u00e7\u00f5es:<\/strong>\u00a0Pist\u00e3o a G\u00e1s \/ 5 Rod\u00edzios \/ Carenagem em PP\u00a0\/\u00a0Rod\u00edzios em PU Personalizados<\/p>\n<p><strong>Produto \u00e9 enviado desmontado (n\u00e3o realizamos a montagem) \u2013 Acompanha manual de instru\u00e7\u00f5es para montagem<\/strong><\/p>\n<p>A Transportadora n\u00e3o se responsabiliza, no ato da entrega, por subir escadas\/elevadores ou transporte por guincho em apartamentos. Eventuais despesas s\u00e3o de responsabilidade do comprador. Confira as dimens\u00f5es deste produto e certifique-se de que passar\u00e1 normalmente por supostos elevadores, portas, escadas e\/ou corredores.<\/p>\n<p>Para mais informa\u00e7\u00f5es, acesse nossa Central de Atendimento.<\/p>\n<p><strong>Instru\u00e7\u00f5es de Limpeza:<\/strong><\/p>\n<p>Passar um pano levemente umedecido com \u00e1gua ou detergente neutro e em seguida um pano seco para as limpezas do dia a dia.<br \/>\nNunca use produtos abrasivos, como sapon\u00e1ceos, esponja de a\u00e7o, escova com cerdas duras, entre outros.<\/p>\n<p><strong>Instru\u00e7\u00f5es de Conserva\u00e7\u00e3o:<\/strong><\/p>\n<p>Evitar expor\/utilizar os produtos em ambientes com alta umidade, exemplo: c\u00e2maras frias, saunas e \u00e1reas molhadas.<br \/>\nN\u00e3o armazenar produtos corrosivos, exemplo: \u00e1cido, cloro etc.<\/p>\n<p><strong>Cadeira Gamer Girat\u00f3ria BLX GAMER 6009G \u2013 Vermelho\/Preto \u2013 30031<\/strong><\/p>\n","protected":false},"featured_media":710,"comment_status":"open","ping_status":"closed","template":"","meta":{"_joinchat":[]},"product_cat":[45,36],"product_tag":[],"class_list":{"0":"post-709","1":"product","2":"type-product","3":"status-publish","4":"has-post-thumbnail","6":"product_cat-cadeiras","7":"product_cat-cadeiras-gamers","9":"first","10":"instock","11":"shipping-taxable","12":"purchasable","13":"product-type-simple"},"_links":{"self":[{"href":"https:\/\/executivaoffice.com.br\/index.php\/wp-json\/wp\/v2\/product\/709","targetHints":{"allow":["GET"]}}],"collection":[{"href":"https:\/\/executivaoffice.com.br\/index.php\/wp-json\/wp\/v2\/product"}],"about":[{"href":"https:\/\/executivaoffice.com.br\/index.php\/wp-json\/wp\/v2\/types\/product"}],"replies":[{"embeddable":true,"href":"https:\/\/executivaoffice.com.br\/index.php\/wp-json\/wp\/v2\/comments?post=709"}],"wp:featuredmedia":[{"embeddable":true,"href":"https:\/\/executivaoffice.com.br\/index.php\/wp-json\/wp\/v2\/media\/710"}],"wp:attachment":[{"href":"https:\/\/executivaoffice.com.br\/index.php\/wp-json\/wp\/v2\/media?parent=709"}],"wp:term":[{"taxonomy":"product_cat","embeddable":true,"href":"https:\/\/executivaoffice.com.br\/index.php\/wp-json\/wp\/v2\/product_cat?post=709"},{"taxonomy":"product_tag","embeddable":true,"href":"https:\/\/executivaoffice.com.br\/index.php\/wp-json\/wp\/v2\/product_tag?post=709"}],"curies":[{"name":"wp","href":"https:\/\/api.w.org\/{rel}","templated":true}]}}