{"id":721,"date":"2024-03-05T10:24:09","date_gmt":"2024-03-05T13:24:09","guid":{"rendered":"https:\/\/executivaoffice.com.br\/?post_type=product&#038;p=721"},"modified":"2026-04-30T08:47:57","modified_gmt":"2026-04-30T11:47:57","slug":"sofanete-para-recepcao-josy-02-lugares","status":"publish","type":"product","link":"https:\/\/executivaoffice.com.br\/index.php\/produto\/sofanete-para-recepcao-josy-02-lugares\/","title":{"rendered":"SOF\u00c1 JOSY 2 LUGARES"},"content":{"rendered":"<h5>Sofanete para recep\u00e7\u00e3o JOSY \u2013 02 Lugares \u2013 SANTA RITA \u2013 Cor Preto<\/h5>\n<p><strong>Ficha T\u00e9cnica:<\/strong><\/p>\n<p>Garantia do Fornecedor: 24 Meses<\/p>\n<p><strong>Modelo: Sofanete para Recep\u00e7\u00e3o<\/strong><\/p>\n<p>Refer\u00eancia do Modelo: Sofanete<\/p>\n<p>Estofado: Espuma Injetada \/ Corino Preto<\/p>\n<p>Peso da embalagem c\/ produto (kg): 25<\/p>\n<p>Total de Volumes: 01<\/p>\n","protected":false},"excerpt":{"rendered":"<p><strong>Ficha T\u00e9cnica:<\/strong><\/p>\n<p>Garantia do Fornecedor: 24 Meses<\/p>\n<p><strong>Modelo: Sofanete para Recep\u00e7\u00e3o<\/strong><\/p>\n<p>Refer\u00eancia do Modelo: Sofanete<\/p>\n<p>Estofado: Espuma Injetada \/ Corino Preto<\/p>\n<p>Peso da embalagem c\/ produto (kg): 25<\/p>\n<p>Total de Volumes: 01<\/p>\n<p>Ambiente: Escrit\u00f3rio<\/p>\n<p>Cores Dispon\u00edveis:<\/p>\n<p><strong>Cor Preto\u00a0<\/strong><\/p>\n<p>Material do Revestimento: Corino Preto<\/p>\n<p>Outros Recursos \/ Mais informa\u00e7\u00f5es: Revestido em Corino \/ Espuma Injetada \/ Estrutura Cromada<\/p>\n","protected":false},"featured_media":722,"comment_status":"open","ping_status":"closed","template":"","meta":{"_joinchat":[]},"product_cat":[42],"product_tag":[70,66,68],"class_list":{"0":"post-721","1":"product","2":"type-product","3":"status-publish","4":"has-post-thumbnail","6":"product_cat-sofas-recepcao","7":"product_tag-goiania","8":"product_tag-recepcao","9":"product_tag-sofa","11":"first","12":"instock","13":"shipping-taxable","14":"purchasable","15":"product-type-simple"},"_links":{"self":[{"href":"https:\/\/executivaoffice.com.br\/index.php\/wp-json\/wp\/v2\/product\/721","targetHints":{"allow":["GET"]}}],"collection":[{"href":"https:\/\/executivaoffice.com.br\/index.php\/wp-json\/wp\/v2\/product"}],"about":[{"href":"https:\/\/executivaoffice.com.br\/index.php\/wp-json\/wp\/v2\/types\/product"}],"replies":[{"embeddable":true,"href":"https:\/\/executivaoffice.com.br\/index.php\/wp-json\/wp\/v2\/comments?post=721"}],"wp:featuredmedia":[{"embeddable":true,"href":"https:\/\/executivaoffice.com.br\/index.php\/wp-json\/wp\/v2\/media\/722"}],"wp:attachment":[{"href":"https:\/\/executivaoffice.com.br\/index.php\/wp-json\/wp\/v2\/media?parent=721"}],"wp:term":[{"taxonomy":"product_cat","embeddable":true,"href":"https:\/\/executivaoffice.com.br\/index.php\/wp-json\/wp\/v2\/product_cat?post=721"},{"taxonomy":"product_tag","embeddable":true,"href":"https:\/\/executivaoffice.com.br\/index.php\/wp-json\/wp\/v2\/product_tag?post=721"}],"curies":[{"name":"wp","href":"https:\/\/api.w.org\/{rel}","templated":true}]}}