{"id":731,"date":"2024-03-05T15:45:53","date_gmt":"2024-03-05T18:45:53","guid":{"rendered":"https:\/\/executivaoffice.com.br\/?post_type=product&#038;p=731"},"modified":"2024-03-12T13:22:01","modified_gmt":"2024-03-12T16:22:01","slug":"longarina-aeroporto-de-3-lugares","status":"publish","type":"product","link":"https:\/\/executivaoffice.com.br\/index.php\/produto\/longarina-aeroporto-de-3-lugares\/","title":{"rendered":"Longarina Aeroporto de 3 Lugares"},"content":{"rendered":"<p><strong>Modelo: LONGARINA PARA CL\u00cdNICA, ESCRIT\u00d3RIO, ESCOLA, IGREJA, RECEP\u00c7\u00c3O, ETC\u2026<\/strong><\/p>\n<p>Refer\u00eancia do Modelo: Longarina<\/p>\n<p>Dimens\u00f5es:<\/p>\n<ul>\n<li>Longarina 3 lugares: 178cm de largura \/ 75cm de altura<\/li>\n<\/ul>\n","protected":false},"excerpt":{"rendered":"<p><strong>Ficha T\u00e9cnica:<\/strong><\/p>\n<p>Garantia do Fornecedor: 24 Meses<\/p>\n<p><strong>Modelo: LONGARINA PARA CL\u00cdNICA, ESCRIT\u00d3RIO, ESCOLA, IGREJA, RECEP\u00c7\u00c3O, ETC\u2026<\/strong><\/p>\n<p>Refer\u00eancia do Modelo: Longarina<\/p>\n<p>Dimens\u00f5es:<\/p>\n<ul>\n<li>Longarina 3 lugares: 178cm de largura \/ 75cm de altura<\/li>\n<\/ul>\n<p>Conte\u00fado da Embalagem:\u00a0 5 Assento e Encosto Cromado \/\u00a0 1 longarina de 3 lugares e 1 longarina de 2 lugares<\/p>\n<p><strong>Peso Suportado (Kg): 130 Por Assento<\/strong><\/p>\n<p>Fabricante: MARTIFLEX \/ American Fer<\/p>\n<p>Peso da embalagem c\/ produto (kg): 30<\/p>\n<p>Total de Volumes: 02<\/p>\n<p>Ambiente: Escrit\u00f3rio<\/p>\n<p>Cores Dispon\u00edveis:<\/p>\n<p><strong>Cor Cinza ( Com Acabamento Cromado )<\/strong><\/p>\n<p>Outros Recursos \/ Mais informa\u00e7\u00f5es: Estrutura Cromada \/ Pintura Eletrost\u00e1tica \/ Barra Dupla da Estrutura<\/p>\n<p>Marca: MARTIFLEX<\/p>\n<p>Material da Estrutura: A\u00c7O CROMADO<\/p>\n<p><strong>Produto \u00e9 enviado desmontado (n\u00e3o realizamos a montagem) \u2013 Acompanha manual de instru\u00e7\u00f5es para montagem.<\/strong><\/p>\n<p>A Transportadora n\u00e3o se responsabiliza, no ato da entrega, por subir escadas\/elevadores ou transporte por guincho em apartamentos. Eventuais despesas s\u00e3o de responsabilidade do comprador. Confira as dimens\u00f5es deste produto e certifique-se de que passar\u00e1 normalmente por supostos elevadores, portas, escadas e\/ou corredores. Para mais informa\u00e7\u00f5es, acesse nossa Central de Atendimento.<\/p>\n<p><strong>Longarina para Cl\u00ednica com 3\u00a0 \u2013 Cor Cromada\u00a0<\/strong><\/p>\n<p><strong>Instru\u00e7\u00f5es de Limpeza:<\/strong><br \/>\nPassar um pano levemente umedecido com \u00e1gua ou detergente neutro e em seguida um pano seco para as limpezas do dia a dia.<br \/>\nNunca use produtos abrasivos, como sapon\u00e1ceos, esponja de a\u00e7o, escova com cerdas duras, entre outros.<\/p>\n<p><strong>Instru\u00e7\u00f5es de Conserva\u00e7\u00e3o:<\/strong><br \/>\nEvitar expor\/utilizar os produtos em ambientes com alta umidade, exemplo: c\u00e2maras frias, saunas e \u00e1reas molhadas.<br \/>\nN\u00e3o armazenar produtos corrosivos, exemplo: \u00e1cido, cloro etc.<\/p>\n","protected":false},"featured_media":732,"comment_status":"open","ping_status":"closed","template":"","meta":{"_joinchat":[]},"product_cat":[37],"product_tag":[],"class_list":{"0":"post-731","1":"product","2":"type-product","3":"status-publish","4":"has-post-thumbnail","6":"product_cat-longarinas","8":"first","9":"instock","10":"shipping-taxable","11":"purchasable","12":"product-type-simple"},"_links":{"self":[{"href":"https:\/\/executivaoffice.com.br\/index.php\/wp-json\/wp\/v2\/product\/731","targetHints":{"allow":["GET"]}}],"collection":[{"href":"https:\/\/executivaoffice.com.br\/index.php\/wp-json\/wp\/v2\/product"}],"about":[{"href":"https:\/\/executivaoffice.com.br\/index.php\/wp-json\/wp\/v2\/types\/product"}],"replies":[{"embeddable":true,"href":"https:\/\/executivaoffice.com.br\/index.php\/wp-json\/wp\/v2\/comments?post=731"}],"wp:featuredmedia":[{"embeddable":true,"href":"https:\/\/executivaoffice.com.br\/index.php\/wp-json\/wp\/v2\/media\/732"}],"wp:attachment":[{"href":"https:\/\/executivaoffice.com.br\/index.php\/wp-json\/wp\/v2\/media?parent=731"}],"wp:term":[{"taxonomy":"product_cat","embeddable":true,"href":"https:\/\/executivaoffice.com.br\/index.php\/wp-json\/wp\/v2\/product_cat?post=731"},{"taxonomy":"product_tag","embeddable":true,"href":"https:\/\/executivaoffice.com.br\/index.php\/wp-json\/wp\/v2\/product_tag?post=731"}],"curies":[{"name":"wp","href":"https:\/\/api.w.org\/{rel}","templated":true}]}}