{"id":748,"date":"2024-03-06T10:11:29","date_gmt":"2024-03-06T13:11:29","guid":{"rendered":"https:\/\/executivaoffice.com.br\/?post_type=product&#038;p=748"},"modified":"2024-09-11T10:50:15","modified_gmt":"2024-09-11T13:50:15","slug":"cadeira-tela-mesh-or-3312-giratoria-cromada-2402","status":"publish","type":"product","link":"https:\/\/executivaoffice.com.br\/index.php\/produto\/cadeira-tela-mesh-or-3312-giratoria-cromada-2402\/","title":{"rendered":"Cadeira Tela Mesh OR-3312 Girat\u00f3ria Cromada \u2013 2402"},"content":{"rendered":"<div class=\"woocommerce-tabs wc-tabs-wrapper\">\n<div id=\"tab-description\" class=\"woocommerce-Tabs-panel woocommerce-Tabs-panel--description panel entry-content wc-tab\" role=\"tabpanel\" aria-labelledby=\"tab-title-description\">\n<h3><strong>Cadeira de Tela MESH OR-3312 Girat\u00f3ria Cromada \u2013 2402<\/strong><\/h3>\n<p>&nbsp;<\/p>\n<blockquote>\n<h4>\u201cCadeira de Tela Mesh \u00e9 enviado desmontada e embalada\u201d<\/h4>\n<\/blockquote>\n<p>&nbsp;<\/p>\n<p>Cadeira de Tela Mesh n\u00e3o possui regulagem de bra\u00e7os, regulagem da altura do assento para uma melhor postura, adaptando-se ao seu usu\u00e1rio.<\/p>\n<p>&nbsp;<\/p>\n<p><strong>Descri\u00e7\u00e3o do Produto:<\/strong><\/p>\n<p>&nbsp;<\/p>\n<ul>\n<li>Garantia: 24 meses<\/li>\n<li>Cor do estofado: Preto (outras cores sob consulta)<\/li>\n<li>Sistema de regulagem: Regulagem de altura<\/li>\n<li>Autonomia de peso: 120 kg<\/li>\n<li>Dimens\u00f5es: 106 x 54L x 48P CM<\/li>\n<li>Possui bra\u00e7os: Sim (bra\u00e7os fixos)<\/li>\n<li>Possui encosto de cabe\u00e7a: N\u00e3o<\/li>\n<li>Material das rodas: Rodizios em PP<\/li>\n<li>Marca: M\u00f3veis Supremo<\/li>\n<\/ul>\n<p>*OBS: Este produto \u00e9 vendido desmontado e embalado.<\/p>\n<p>&nbsp;<\/p>\n<p><strong>Especifica\u00e7\u00e3o do material do assento\/encosto:<\/strong><\/p>\n<p><strong>\u00a0<\/strong>Madeira Anat\u00f4mica de 15mm \/ Espuma Injetada \/ Tecido Preto<\/p>\n<p>&nbsp;<\/p>\n<h4><strong>Cadeira de Tela Mesh \u2013 Cor Preta \u2013 M\u00f3veis Supremo \u2013 2402<\/strong><\/h4>\n<p>&nbsp;<\/p>\n<p><strong>Instru\u00e7\u00f5es de Limpeza:<\/strong><br \/>\nPassar um pano levemente umedecido com \u00e1gua ou detergente neutro e em seguida um pano seco para as limpezas do dia a dia.<br \/>\nNunca use produtos abrasivos, como sapon\u00e1ceos, esponja de a\u00e7o, escova com cerdas duras, entre outros.<\/p>\n<p>&nbsp;<\/p>\n<p><strong>Instru\u00e7\u00f5es de Conserva\u00e7\u00e3o:<\/strong><br \/>\nEvitar expor\/utilizar os produtos em ambientes com alta umidade, exemplo: c\u00e2maras frias, saunas e \u00e1reas molhadas.<br \/>\nN\u00e3o expor a produtos corrosivos, exemplo: \u00e1cido, cloro etc.<\/p>\n<p>&nbsp;<\/p>\n<p>&nbsp;<\/p>\n<p>Para outros modelos de cadeiras para escrit\u00f3rio\u00a0<a href=\"https:\/\/moveissupremo.com.br\/produtos\/cadeira-para-escritorio\/cadeira-secretaria-executiva\/executiva\/\">clique aqui\u00a0<\/a><\/p>\n<div class=\"product_meta\"><span class=\"sku_wrapper\">SKU:\u00a0<span class=\"sku\">2402<\/span><\/span><\/div>\n<div class=\"custom_product_tabs_panel_content_spec\"><\/div>\n<\/div>\n<\/div>\n","protected":false},"excerpt":{"rendered":"<p><b>Dimens\u00f5es do produto:<\/b>\u00a0106 x 54L x 48P CM<br \/>\n<b>Estofado:<\/b>\u00a0Madeira Anat\u00f4mica de 15mm \/ Espuma Injetada \/ Tecido Preto<br \/>\n<b><strong>Material da Base<\/strong>:<\/b>\u00a0Pist\u00e3o \u00e0 G\u00e1s \/ Aranha Cromada\/ Plataforma com Relax<br \/>\n<b>Cor:<\/b>\u00a0Preto (outras cores sob consulta)<br \/>\n<b>Possui Bra\u00e7os:<\/b>\u00a0Sim (bra\u00e7os fixos)<br \/>\n<b>Regulagem de altura:<\/b>\u00a0Sim<br \/>\n<b>Garantia do Fornecedor:<\/b>\u00a024 meses<\/p>\n","protected":false},"featured_media":749,"comment_status":"open","ping_status":"closed","template":"","meta":{"_joinchat":[]},"product_cat":[35,45],"product_tag":[],"class_list":{"0":"post-748","1":"product","2":"type-product","3":"status-publish","4":"has-post-thumbnail","6":"product_cat-cadeira-de-tela","7":"product_cat-cadeiras","9":"first","10":"instock","11":"shipping-taxable","12":"purchasable","13":"product-type-simple"},"_links":{"self":[{"href":"https:\/\/executivaoffice.com.br\/index.php\/wp-json\/wp\/v2\/product\/748","targetHints":{"allow":["GET"]}}],"collection":[{"href":"https:\/\/executivaoffice.com.br\/index.php\/wp-json\/wp\/v2\/product"}],"about":[{"href":"https:\/\/executivaoffice.com.br\/index.php\/wp-json\/wp\/v2\/types\/product"}],"replies":[{"embeddable":true,"href":"https:\/\/executivaoffice.com.br\/index.php\/wp-json\/wp\/v2\/comments?post=748"}],"wp:featuredmedia":[{"embeddable":true,"href":"https:\/\/executivaoffice.com.br\/index.php\/wp-json\/wp\/v2\/media\/749"}],"wp:attachment":[{"href":"https:\/\/executivaoffice.com.br\/index.php\/wp-json\/wp\/v2\/media?parent=748"}],"wp:term":[{"taxonomy":"product_cat","embeddable":true,"href":"https:\/\/executivaoffice.com.br\/index.php\/wp-json\/wp\/v2\/product_cat?post=748"},{"taxonomy":"product_tag","embeddable":true,"href":"https:\/\/executivaoffice.com.br\/index.php\/wp-json\/wp\/v2\/product_tag?post=748"}],"curies":[{"name":"wp","href":"https:\/\/api.w.org\/{rel}","templated":true}]}}