{"id":890,"date":"2024-03-13T13:20:43","date_gmt":"2024-03-13T16:20:43","guid":{"rendered":"https:\/\/executivaoffice.com.br\/?post_type=product&#038;p=890"},"modified":"2025-09-01T14:13:27","modified_gmt":"2025-09-01T17:13:27","slug":"aparador-de-vidro-cromado","status":"publish","type":"product","link":"https:\/\/executivaoffice.com.br\/index.php\/produto\/aparador-de-vidro-cromado\/","title":{"rendered":"Aparador De Vidro Cromado"},"content":{"rendered":"<p>Sobre o Aparador Cromado Considerado por especialistas como um dos m\u00f3veis mais vers\u00e1teis para o lar, o aparador, al\u00e9m de conferir eleg\u00e2ncia e um toque diferenciado \u00e0 decora\u00e7\u00e3o, tamb\u00e9m pode ser utilizado nos mais variados locais da casa. Seja atr\u00e1s do sof\u00e1, debaixo da janela, junto \u00e0 parede ou mesmo como separador de ambientes, este Aparador Cromado transformar\u00e1 o seu lar, conferindo um ar mais moderno e sofisticado, agregando muita beleza ao ambiente. Sua estrutura \u00e9 confeccionada em a\u00e7o cromado, material de \u00f3tima resist\u00eancia e longa durabilidade. Sua cor prateada e suas linhas simples conferem sofistica\u00e7\u00e3o \u00e0 decora\u00e7\u00e3o. Com dimens\u00f5es de 90&#215;35 cm e 6 mm de espessura, seu tampo de vidro incolor acentuar o aspecto diferenciado do m\u00f3vel. Perfeito para voc\u00ea que procura deixar o seu lar mais aconchegante com m\u00f3veis de muito bom gosto. A pe\u00e7a \u00e9 fabricada pela Criativa M\u00f3veis, empresa que desenvolve produtos de alto padr\u00e3o de qualidade com acabamentos impec\u00e1veis. Seus itens s\u00e3o projetados com tecnologias de ponta, materiais de excelente qualidade e designs modernos, tudo isso para oferecer a seus clientes o m\u00e1ximo de beleza e conforto<\/p>\n","protected":false},"excerpt":{"rendered":"<p><strong>O APARADOR CROMADO DE VIDRO VAI TANTO MONTADO QUANDO DESMONTADO PARA SUA RESIDENCIA <\/strong><\/p>\n","protected":false},"featured_media":1837,"comment_status":"open","ping_status":"closed","template":"","meta":{"_joinchat":[]},"product_cat":[42],"product_tag":[],"class_list":{"0":"post-890","1":"product","2":"type-product","3":"status-publish","4":"has-post-thumbnail","6":"product_cat-sofas-recepcao","8":"first","9":"instock","10":"shipping-taxable","11":"purchasable","12":"product-type-simple"},"_links":{"self":[{"href":"https:\/\/executivaoffice.com.br\/index.php\/wp-json\/wp\/v2\/product\/890","targetHints":{"allow":["GET"]}}],"collection":[{"href":"https:\/\/executivaoffice.com.br\/index.php\/wp-json\/wp\/v2\/product"}],"about":[{"href":"https:\/\/executivaoffice.com.br\/index.php\/wp-json\/wp\/v2\/types\/product"}],"replies":[{"embeddable":true,"href":"https:\/\/executivaoffice.com.br\/index.php\/wp-json\/wp\/v2\/comments?post=890"}],"wp:featuredmedia":[{"embeddable":true,"href":"https:\/\/executivaoffice.com.br\/index.php\/wp-json\/wp\/v2\/media\/1837"}],"wp:attachment":[{"href":"https:\/\/executivaoffice.com.br\/index.php\/wp-json\/wp\/v2\/media?parent=890"}],"wp:term":[{"taxonomy":"product_cat","embeddable":true,"href":"https:\/\/executivaoffice.com.br\/index.php\/wp-json\/wp\/v2\/product_cat?post=890"},{"taxonomy":"product_tag","embeddable":true,"href":"https:\/\/executivaoffice.com.br\/index.php\/wp-json\/wp\/v2\/product_tag?post=890"}],"curies":[{"name":"wp","href":"https:\/\/api.w.org\/{rel}","templated":true}]}}