{"id":914,"date":"2024-03-13T14:31:37","date_gmt":"2024-03-13T17:31:37","guid":{"rendered":"https:\/\/executivaoffice.com.br\/?post_type=product&#038;p=914"},"modified":"2024-09-11T10:34:47","modified_gmt":"2024-09-11T13:34:47","slug":"cadeira-presidente-tokyo","status":"publish","type":"product","link":"https:\/\/executivaoffice.com.br\/index.php\/produto\/cadeira-presidente-tokyo\/","title":{"rendered":"CADEIRA PRESIDENTE TOKYO"},"content":{"rendered":"<p><b>Material:<\/b>\u00a0Estrutura do encosto e bra\u00e7os em polipropileno. Revestimento em tela. Base em Nylon.<\/p>\n<p><b>Cor Dispon\u00edvel:<\/b>\u00a0Preto.<\/p>\n<p><b>Peso Suportado:<\/b>\u00a0120 kg<\/p>\n<p><strong>Dimens\u00f5es:<\/strong>\u00a0C 49 x L 59 x A 110-120 cm | Altura do Assento: 44-54cm<\/p>\n<p><b>Caracter\u00edsticas:\u00a0<\/b>Regulagem de altura do assento | Apoio de lombar | Bra\u00e7os fixos | Sistema relax (travamento do encosto na vertical ou de acordo com o balan\u00e7o do corpo) | Apoio regul\u00e1vel de cabe\u00e7a<\/p>\n<p><b>Descri\u00e7\u00e3o:\u00a0<\/b>A cadeira Tokyo Presidente possui estrutura em polipropileno e revestimento em tela, oferecendo resist\u00eancia e conforto para quem a utiliza. Seus bra\u00e7os em polipropileno facilitam a limpeza e manuten\u00e7\u00e3o. Com o sistema relax, permite travar na posi\u00e7\u00e3o vertical ou balan\u00e7ar de acordo com o movimento do corpo, proporcionando maior conforto. \u00c9 uma op\u00e7\u00e3o ideal para ambientes de trabalho que exigem uma cadeira de alto padr\u00e3o.<\/p>\n","protected":false},"excerpt":{"rendered":"<p><strong>A CADEIRA PRESIDENTE TOKYO PODE IR TANTO MONTADA QUANTO DESMONTADA PARA SUA RESIDENCIA<\/strong><\/p>\n","protected":false},"featured_media":915,"comment_status":"open","ping_status":"closed","template":"","meta":{"_joinchat":[]},"product_cat":[35,31,45],"product_tag":[],"class_list":{"0":"post-914","1":"product","2":"type-product","3":"status-publish","4":"has-post-thumbnail","6":"product_cat-cadeira-de-tela","7":"product_cat-cadeira-presidente","8":"product_cat-cadeiras","10":"first","11":"instock","12":"shipping-taxable","13":"purchasable","14":"product-type-simple"},"_links":{"self":[{"href":"https:\/\/executivaoffice.com.br\/index.php\/wp-json\/wp\/v2\/product\/914","targetHints":{"allow":["GET"]}}],"collection":[{"href":"https:\/\/executivaoffice.com.br\/index.php\/wp-json\/wp\/v2\/product"}],"about":[{"href":"https:\/\/executivaoffice.com.br\/index.php\/wp-json\/wp\/v2\/types\/product"}],"replies":[{"embeddable":true,"href":"https:\/\/executivaoffice.com.br\/index.php\/wp-json\/wp\/v2\/comments?post=914"}],"wp:featuredmedia":[{"embeddable":true,"href":"https:\/\/executivaoffice.com.br\/index.php\/wp-json\/wp\/v2\/media\/915"}],"wp:attachment":[{"href":"https:\/\/executivaoffice.com.br\/index.php\/wp-json\/wp\/v2\/media?parent=914"}],"wp:term":[{"taxonomy":"product_cat","embeddable":true,"href":"https:\/\/executivaoffice.com.br\/index.php\/wp-json\/wp\/v2\/product_cat?post=914"},{"taxonomy":"product_tag","embeddable":true,"href":"https:\/\/executivaoffice.com.br\/index.php\/wp-json\/wp\/v2\/product_tag?post=914"}],"curies":[{"name":"wp","href":"https:\/\/api.w.org\/{rel}","templated":true}]}}