{"id":934,"date":"2024-03-14T13:34:52","date_gmt":"2024-03-14T16:34:52","guid":{"rendered":"https:\/\/executivaoffice.com.br\/?post_type=product&#038;p=934"},"modified":"2024-09-11T10:29:15","modified_gmt":"2024-09-11T13:29:15","slug":"poltrona-presidente-blm-01","status":"publish","type":"product","link":"https:\/\/executivaoffice.com.br\/index.php\/produto\/poltrona-presidente-blm-01\/","title":{"rendered":"POLTRONA PRESIDENTE BLM 01"},"content":{"rendered":"<ul>\n<li>Encosto e assento revestidos em tecido telado de nylon;<\/li>\n<li>Bra\u00e7os cromados com forra\u00e7\u00e3o remov\u00edvel por meio de z\u00edper;<\/li>\n<li>Mecanismo relax com trava e base girat\u00f3ria cromada 320 mm com rod\u00edzios em PU.<\/li>\n<li>Cadeira Presidente BLM 01 P \u2013 Blume Office\n<ul>\n<li>Foto meramente ilustrativa.<\/li>\n<li>Mercadoria entregue desmontada, montagem pelo cliente.<\/li>\n<li>Maiores informa\u00e7\u00f5es entre em contato.<\/li>\n<li>Na compra entre em contato e solicite altera\u00e7\u00e3o de cor se desejar.<\/li>\n<li>Todas as informa\u00e7\u00f5es divulgadas s\u00e3o de responsabilidade do fabricante\/fornecedor. Verifique com os fabricantes do produto e de seus componentes eventuais limita\u00e7\u00f5es \u00e0 utiliza\u00e7\u00e3o de todos os recursos e funcionalidade.<\/li>\n<\/ul>\n<\/li>\n<\/ul>\n","protected":false},"excerpt":{"rendered":"<p><strong>A POLTRONA PRESIDENTE 01 P PODE SER ENTREGUE TANTO MONTADA QUANTO DESMONTADA PARA SUA RESIDENCIA<\/strong><\/p>\n","protected":false},"featured_media":935,"comment_status":"open","ping_status":"closed","template":"","meta":{"_joinchat":[]},"product_cat":[35,31,45],"product_tag":[],"class_list":{"0":"post-934","1":"product","2":"type-product","3":"status-publish","4":"has-post-thumbnail","6":"product_cat-cadeira-de-tela","7":"product_cat-cadeira-presidente","8":"product_cat-cadeiras","10":"first","11":"instock","12":"shipping-taxable","13":"purchasable","14":"product-type-simple"},"_links":{"self":[{"href":"https:\/\/executivaoffice.com.br\/index.php\/wp-json\/wp\/v2\/product\/934","targetHints":{"allow":["GET"]}}],"collection":[{"href":"https:\/\/executivaoffice.com.br\/index.php\/wp-json\/wp\/v2\/product"}],"about":[{"href":"https:\/\/executivaoffice.com.br\/index.php\/wp-json\/wp\/v2\/types\/product"}],"replies":[{"embeddable":true,"href":"https:\/\/executivaoffice.com.br\/index.php\/wp-json\/wp\/v2\/comments?post=934"}],"wp:featuredmedia":[{"embeddable":true,"href":"https:\/\/executivaoffice.com.br\/index.php\/wp-json\/wp\/v2\/media\/935"}],"wp:attachment":[{"href":"https:\/\/executivaoffice.com.br\/index.php\/wp-json\/wp\/v2\/media?parent=934"}],"wp:term":[{"taxonomy":"product_cat","embeddable":true,"href":"https:\/\/executivaoffice.com.br\/index.php\/wp-json\/wp\/v2\/product_cat?post=934"},{"taxonomy":"product_tag","embeddable":true,"href":"https:\/\/executivaoffice.com.br\/index.php\/wp-json\/wp\/v2\/product_tag?post=934"}],"curies":[{"name":"wp","href":"https:\/\/api.w.org\/{rel}","templated":true}]}}