{"id":955,"date":"2024-03-14T17:39:12","date_gmt":"2024-03-14T20:39:12","guid":{"rendered":"https:\/\/executivaoffice.com.br\/?post_type=product&#038;p=955"},"modified":"2024-09-17T09:37:08","modified_gmt":"2024-09-17T12:37:08","slug":"mesa-em-l-m-40","status":"publish","type":"product","link":"https:\/\/executivaoffice.com.br\/index.php\/produto\/mesa-em-l-m-40\/","title":{"rendered":"Mesa Em L M-40"},"content":{"rendered":"<p>Mesa p\/ escrit\u00f3rio Pedestal c\/ Gaveteiro em &#8220;L&#8221; Mesa Reta &#8211; Tampo Engrossado 40mm, Travessa 15mm, P\u00e9s Pain\u00e9is 25mm. Mesa Auxiliar com gav. pedestal 2 gavetas e 1 gavet\u00e3o, tampo engrossado 40 mm, travessa 15mm, P\u00e9s Pain\u00e9is 25 mm Altura 0,73 m Profundidade 1,50 m Largura 1,82 x 0,70 m Peso 60 Kg<\/p>\n<p>Mesa p\/ escrit\u00f3rio Pedestal c\/ Gaveteiro em &#8220;L&#8221;<br \/>\nMesa Reta &#8211; Tampo Engrossado 40mm, Travessa 15mm, P\u00e9s Pain\u00e9is 25mm.<br \/>\nMesa Auxiliar com gav. pedestal 2 gavetas e 1 gavet\u00e3o, tampo engrossado 40 mm, travessa 15mm, P\u00e9s Pain\u00e9is 25 mm<br \/>\nPeso 60 Kg<\/p>\n","protected":false},"excerpt":{"rendered":"<p><strong>A MESA EM L M-40 PODE SER ENTREGUE TANTO MONTADA QUANTO DESMONTADA NA SUA RESIDENCIA\u00a0<\/strong><\/p>\n","protected":false},"featured_media":956,"comment_status":"open","ping_status":"closed","template":"","meta":{"_joinchat":[]},"product_cat":[39],"product_tag":[],"class_list":{"0":"post-955","1":"product","2":"type-product","3":"status-publish","4":"has-post-thumbnail","6":"product_cat-mesas","8":"first","9":"instock","10":"shipping-taxable","11":"purchasable","12":"product-type-simple"},"_links":{"self":[{"href":"https:\/\/executivaoffice.com.br\/index.php\/wp-json\/wp\/v2\/product\/955","targetHints":{"allow":["GET"]}}],"collection":[{"href":"https:\/\/executivaoffice.com.br\/index.php\/wp-json\/wp\/v2\/product"}],"about":[{"href":"https:\/\/executivaoffice.com.br\/index.php\/wp-json\/wp\/v2\/types\/product"}],"replies":[{"embeddable":true,"href":"https:\/\/executivaoffice.com.br\/index.php\/wp-json\/wp\/v2\/comments?post=955"}],"wp:featuredmedia":[{"embeddable":true,"href":"https:\/\/executivaoffice.com.br\/index.php\/wp-json\/wp\/v2\/media\/956"}],"wp:attachment":[{"href":"https:\/\/executivaoffice.com.br\/index.php\/wp-json\/wp\/v2\/media?parent=955"}],"wp:term":[{"taxonomy":"product_cat","embeddable":true,"href":"https:\/\/executivaoffice.com.br\/index.php\/wp-json\/wp\/v2\/product_cat?post=955"},{"taxonomy":"product_tag","embeddable":true,"href":"https:\/\/executivaoffice.com.br\/index.php\/wp-json\/wp\/v2\/product_tag?post=955"}],"curies":[{"name":"wp","href":"https:\/\/api.w.org\/{rel}","templated":true}]}}