{"id":973,"date":"2024-03-25T11:09:48","date_gmt":"2024-03-25T14:09:48","guid":{"rendered":"https:\/\/executivaoffice.com.br\/?post_type=product&#038;p=973"},"modified":"2024-03-25T11:09:48","modified_gmt":"2024-03-25T14:09:48","slug":"banqueta-alta-cromada","status":"publish","type":"product","link":"https:\/\/executivaoffice.com.br\/index.php\/produto\/banqueta-alta-cromada\/","title":{"rendered":"Banqueta Alta Cromada"},"content":{"rendered":"<p>DETALHAMENTO:<\/p>\n<p><b>Estrutura<\/b>:<br \/>\n&#8212;&#8212;&#8212;&#8212;&#8212;&#8212;&#8212;&#8212;&#8212;&#8212;&#8212;&#8212;&#8212;&#8212;-<br \/>\nQuantidade de P\u00e9s\/Sapatas: 4<br \/>\nEscala de Brilho: Fosco<br \/>\nPossui Sapatas? N\u00e3o<br \/>\nPossui Rod\u00edzios? N\u00e3o<br \/>\nMaterial da Estrutura: Metal<\/p>\n<p><b>Instala\u00e7\u00e3o<\/b>:<br \/>\n&#8212;&#8212;&#8212;&#8212;&#8212;&#8212;&#8212;&#8212;&#8212;&#8212;&#8212;&#8212;&#8212;&#8212;-<br \/>\nSistema de Montagem: Parafusos, cavilhas e Minifix.<br \/>\nGrau de Dificuldade da Montagem: M\u00e9dio<br \/>\nComo os M\u00f3veis Chegar\u00e3o na Minha Casa: Desmontado em caixas, acompanhado de todas as pe\u00e7as, ferragens e manuais para montagem.<br \/>\nNecessita de Montagem: Sim<\/p>\n<p><b>Outras Informa\u00e7\u00f5es<\/b>:<br \/>\n&#8212;&#8212;&#8212;&#8212;&#8212;&#8212;&#8212;&#8212;&#8212;&#8212;&#8212;&#8212;&#8212;&#8212;-<br \/>\nIndica\u00e7\u00e3o de Uso: Cozinha<br \/>\nRecomenda\u00e7\u00e3o de Manuten\u00e7\u00e3o: Utilizar pano levemente umedecido, seguido de pano seco. N\u00e3o utilizar quaisquer produtos abrasivos.<br \/>\nObserva\u00e7\u00e3o: Objetos decorativos que aparecem nas imagens, n\u00e3o acompanham o produto.<br \/>\nRevestimento \/Acabamento: Ep\u00f3xi<br \/>\nGarantia (dias): 90<\/p>\n<p><b>Cadeiras<\/b>:<br \/>\n&#8212;&#8212;&#8212;&#8212;&#8212;&#8212;&#8212;&#8212;&#8212;&#8212;&#8212;&#8212;&#8212;&#8212;-<br \/>\nEnchimento do Assento: Espuma<br \/>\nPeso Suportado: 120 Kg<br \/>\nCadeira Estofada: Sim<br \/>\nMedidas da Cadeira ( A x L x P ): 85,5 X 36,5 X 29 Cm<br \/>\nEnchimento do Encosto: N\u00e3o Possui<br \/>\nDensidade do Assento: D-18<br \/>\nDensidade do Encosto: N\u00e3o Possui<br \/>\nTecido da Cadeira: Corino<br \/>\nAltura do Ch\u00e3o at\u00e9 o Assento (cm): 72<\/p>\n<p><b>Bancos e Banquetas<\/b>:<br \/>\n&#8212;&#8212;&#8212;&#8212;&#8212;&#8212;&#8212;&#8212;&#8212;&#8212;&#8212;&#8212;&#8212;&#8212;-<br \/>\nTamanho: Alta<br \/>\nQuantidade de Lugares: 1<\/p>\n<p><b>Geral<\/b>:<br \/>\n&#8212;&#8212;&#8212;&#8212;&#8212;&#8212;&#8212;&#8212;&#8212;&#8212;&#8212;&#8212;&#8212;&#8212;-<br \/>\nCor: Branco<br \/>\nCor: Branco<br \/>\nCor: Branco<br \/>\nsku lojista: 65349<br \/>\nCrossDocking: 21<\/p>\n<p><b>Tamanho\/Peso<\/b>:<br \/>\n&#8212;&#8212;&#8212;&#8212;&#8212;&#8212;&#8212;&#8212;&#8212;&#8212;&#8212;&#8212;&#8212;&#8212;-<br \/>\nAltura: 85,5cm<br \/>\nLargura: 36,5cm<br \/>\nProfundidade: 29cm<br \/>\nPeso: 4,45kg<br \/>\nO(a) Banqueta Dublin Cromada Branco &#8211; Kappesberg \u00e9 produzido em Metal na escala de brilho Fosco, e possui um grau de dificuldade de montagem: M\u00e9dio.<br \/>\nSeu revestimento\/acabamento \u00e9: Ep\u00f3xi.<\/p>\n<p>Infelizmente a Panorama M\u00f3veis n\u00e3o oferece servi\u00e7o de montagem, deixamos essa informa\u00e7\u00e3o bem clara em todas as nossas p\u00e1ginas de produto.<br \/>\nOnde especificamos que os m\u00f3veis chegar\u00e3o desmontados, e que a montagem fica por conta do cliente.<\/p>\n<p>Como n\u00e3o oferecemos esse servi\u00e7o n\u00e3o embutimos o mesmo no pre\u00e7o dos produtos, ou seja, maior economia para voc\u00ea!<br \/>\nTodos os nossos m\u00f3veis tamb\u00e9m acompanham o manual de montagem, e caso voc\u00ea queira, pode realizar a montagem voc\u00ea mesmo, sempre especificamos os graus de montagem dos produtos.<\/p>\n<p>Nos casos de grau baixo e m\u00e9dio, com pouco ou nenhum conhecimento, voc\u00ea mesmo pode efetuar a montagem, e fazer essa economia.<br \/>\nApenas nos graus de montagem alto, recomendamos a contrata\u00e7\u00e3o de um montador com experi\u00eancia, visto que s\u00e3o montagens mais complicadas.<br \/>\nA montagem \u00e9 feita com Parafusos, cavilhas e Minifix..<\/p>\n<p>Este m\u00f3vel \u00e9 indicado para que seja utilizado no(a) Cozinha, dando um toque especial no c\u00f4modo de sua casa.<br \/>\nPara que voc\u00ea mantenha seu produto sempre em \u00f3timo estado, recomendamos que use apenas um pano seco ou levemente umedecido,<br \/>\nsem o uso de quaisquer produtos abrasivos.<\/p>\n<p>A Panorama M\u00f3veis garante aos clientes, 90 dias de garantia nos produtos, por\u00e9m, recomendamos que entre em contato com o fornecedor\/marca do produto, pois o mesmo(a), pode garantir um prazo maior de garantia.<\/p>\n<p>Lembrando ainda que: quaisquer objetos decorativos que aparecem nas imagens, n\u00e3o acompanham o produto.<br \/>\nPanorama M\u00f3veis, a sua loja de m\u00f3veis online, eletrodom\u00e9sticos e artigos para decora\u00e7\u00e3o!<\/p>\n","protected":false},"excerpt":{"rendered":"<p><strong>A BANQUETA ALTA CROMADA PODE SER ENTREGUE TANTO MONTADA QUANTO DESMONTADA NA SUA RESIDENCIA<\/strong><\/p>\n","protected":false},"featured_media":974,"comment_status":"open","ping_status":"closed","template":"","meta":{"_joinchat":[]},"product_cat":[38],"product_tag":[],"class_list":{"0":"post-973","1":"product","2":"type-product","3":"status-publish","4":"has-post-thumbnail","6":"product_cat-banquetas","8":"first","9":"instock","10":"shipping-taxable","11":"purchasable","12":"product-type-simple"},"_links":{"self":[{"href":"https:\/\/executivaoffice.com.br\/index.php\/wp-json\/wp\/v2\/product\/973","targetHints":{"allow":["GET"]}}],"collection":[{"href":"https:\/\/executivaoffice.com.br\/index.php\/wp-json\/wp\/v2\/product"}],"about":[{"href":"https:\/\/executivaoffice.com.br\/index.php\/wp-json\/wp\/v2\/types\/product"}],"replies":[{"embeddable":true,"href":"https:\/\/executivaoffice.com.br\/index.php\/wp-json\/wp\/v2\/comments?post=973"}],"wp:featuredmedia":[{"embeddable":true,"href":"https:\/\/executivaoffice.com.br\/index.php\/wp-json\/wp\/v2\/media\/974"}],"wp:attachment":[{"href":"https:\/\/executivaoffice.com.br\/index.php\/wp-json\/wp\/v2\/media?parent=973"}],"wp:term":[{"taxonomy":"product_cat","embeddable":true,"href":"https:\/\/executivaoffice.com.br\/index.php\/wp-json\/wp\/v2\/product_cat?post=973"},{"taxonomy":"product_tag","embeddable":true,"href":"https:\/\/executivaoffice.com.br\/index.php\/wp-json\/wp\/v2\/product_tag?post=973"}],"curies":[{"name":"wp","href":"https:\/\/api.w.org\/{rel}","templated":true}]}}