{"id":978,"date":"2024-03-25T11:51:51","date_gmt":"2024-03-25T14:51:51","guid":{"rendered":"https:\/\/executivaoffice.com.br\/?post_type=product&#038;p=978"},"modified":"2024-03-25T11:51:51","modified_gmt":"2024-03-25T14:51:51","slug":"banqueta-allegra","status":"publish","type":"product","link":"https:\/\/executivaoffice.com.br\/index.php\/produto\/banqueta-allegra\/","title":{"rendered":"Banqueta Allegra"},"content":{"rendered":"<h3>Banqueta Alta Allegra<\/h3>\n<p>A Banqueta Alta Allegra \u00e9 uma op\u00e7\u00e3o moderna e sofisticada que vai deixar a sua casa ainda mais elegante! Perfeita para ser utilizada em bancadas, bares e cozinhas americanas, essa banqueta \u00e9 extremamente confort\u00e1vel. Com um encosto curvado que se molda perfeitamente ao corpo, proporciona uma postura adequada e aconchegante. Por ser uma Banqueta Alta ela se adapta a diferentes alturas de bancada, tornando-a vers\u00e1til e pr\u00e1tica.<\/p>\n<h3>Design Moderno e Sofisticado<\/h3>\n<p>A Banquetas Alta Allegra \u00e9 feita totalmente em polipropileno de alta qualidade, material que traz um toque de eleg\u00e2ncia e sofistica\u00e7\u00e3o para qualquer ambiente. Al\u00e9m disso, essa banqueta \u00e9 f\u00e1cil de limpar e resistente, garantindo uma apar\u00eancia sempre nova e impec\u00e1vel. Com a Banqueta Alta Allegra, voc\u00ea n\u00e3o precisa mais escolher entre qualidade, conforto e design &#8211; esse produto re\u00fane tudo isso em um s\u00f3 lugar!<\/p>\n<div class=\"title-ctn\">\n<h2 class=\"bg-title\">Caracter\u00edsticas<\/h2>\n<\/div>\n<div class=\"content\">\n<div id=\"tabela-medidas\" class=\"caracteristicas-lista-corrida caracteristicas-gerais\">\n<h3>Caracter\u00edsticas Gerais<\/h3>\n<dl class=\"grupo-carac grupo-carac-nome clearfix\"><\/dl>\n<p><span class=\"table carac-modelo\">ModeloBanqueta Allegra<\/span><span class=\"table carac-altura\">Altura108,00<\/span><span class=\"table carac-largura\">Largura46,00<\/span><span class=\"table carac-profundidade\">Profundidade47,00<\/span><span class=\"table carac-material-da-banqueta\">Material da BanquetaPolipropileno<\/span><span class=\"table carac-garantia\">Garantia03 Meses Contra Defeitos de Fabrica\u00e7\u00e3o<\/span><\/div>\n<\/div>\n","protected":false},"excerpt":{"rendered":"<p><strong>Banqueta Allegra e entregue montada na sua residencia<\/strong><\/p>\n","protected":false},"featured_media":979,"comment_status":"open","ping_status":"closed","template":"","meta":{"_joinchat":[]},"product_cat":[38],"product_tag":[],"class_list":{"0":"post-978","1":"product","2":"type-product","3":"status-publish","4":"has-post-thumbnail","6":"product_cat-banquetas","8":"first","9":"instock","10":"shipping-taxable","11":"purchasable","12":"product-type-simple"},"_links":{"self":[{"href":"https:\/\/executivaoffice.com.br\/index.php\/wp-json\/wp\/v2\/product\/978","targetHints":{"allow":["GET"]}}],"collection":[{"href":"https:\/\/executivaoffice.com.br\/index.php\/wp-json\/wp\/v2\/product"}],"about":[{"href":"https:\/\/executivaoffice.com.br\/index.php\/wp-json\/wp\/v2\/types\/product"}],"replies":[{"embeddable":true,"href":"https:\/\/executivaoffice.com.br\/index.php\/wp-json\/wp\/v2\/comments?post=978"}],"wp:featuredmedia":[{"embeddable":true,"href":"https:\/\/executivaoffice.com.br\/index.php\/wp-json\/wp\/v2\/media\/979"}],"wp:attachment":[{"href":"https:\/\/executivaoffice.com.br\/index.php\/wp-json\/wp\/v2\/media?parent=978"}],"wp:term":[{"taxonomy":"product_cat","embeddable":true,"href":"https:\/\/executivaoffice.com.br\/index.php\/wp-json\/wp\/v2\/product_cat?post=978"},{"taxonomy":"product_tag","embeddable":true,"href":"https:\/\/executivaoffice.com.br\/index.php\/wp-json\/wp\/v2\/product_tag?post=978"}],"curies":[{"name":"wp","href":"https:\/\/api.w.org\/{rel}","templated":true}]}}