{"id":980,"date":"2024-03-25T13:53:55","date_gmt":"2024-03-25T16:53:55","guid":{"rendered":"https:\/\/executivaoffice.com.br\/?post_type=product&#038;p=980"},"modified":"2024-03-25T13:54:24","modified_gmt":"2024-03-25T16:54:24","slug":"banqueta-monaco","status":"publish","type":"product","link":"https:\/\/executivaoffice.com.br\/index.php\/produto\/banqueta-monaco\/","title":{"rendered":"Banqueta M\u00f4naco"},"content":{"rendered":"<p><b>Material:\u00a0<\/b>Polipropileno e base de a\u00e7o com acabamento id\u00eantico a madeira<\/p>\n<p><b>Cores dispon\u00edveis: <\/b>Nude, Cardo\/ Camur\u00e7a e Preto<\/p>\n<p><b>Dimens\u00f5es:\u00a0<\/b>Largura: 48 cm | Profundidade: 48 cm | Altura: 96 cm<\/p>\n<p><b>Altura do Assento:\u00a0<\/b>75 cm<\/p>\n<p><b>Peso Suportado:\u00a0<\/b>120 kg<\/p>\n<p><b>Descri\u00e7\u00e3o:\u00a0<\/b>A Banqueta M\u00f4naco \u00e9 descontra\u00edda e elegante, com base em a\u00e7o e acabamento que imita a madeira natural, proporcionando resist\u00eancia e estabilidade. Seu assento vazado acrescenta leveza ao ambiente.<\/p>\n","protected":false},"excerpt":{"rendered":"<p><strong>A BANQUETA MONACO VAI MONTADA PARA SUA RESIDENCIA<\/strong><\/p>\n","protected":false},"featured_media":981,"comment_status":"open","ping_status":"closed","template":"","meta":{"_joinchat":[]},"product_cat":[38],"product_tag":[],"class_list":{"0":"post-980","1":"product","2":"type-product","3":"status-publish","4":"has-post-thumbnail","6":"product_cat-banquetas","8":"first","9":"instock","10":"shipping-taxable","11":"purchasable","12":"product-type-simple"},"_links":{"self":[{"href":"https:\/\/executivaoffice.com.br\/index.php\/wp-json\/wp\/v2\/product\/980","targetHints":{"allow":["GET"]}}],"collection":[{"href":"https:\/\/executivaoffice.com.br\/index.php\/wp-json\/wp\/v2\/product"}],"about":[{"href":"https:\/\/executivaoffice.com.br\/index.php\/wp-json\/wp\/v2\/types\/product"}],"replies":[{"embeddable":true,"href":"https:\/\/executivaoffice.com.br\/index.php\/wp-json\/wp\/v2\/comments?post=980"}],"wp:featuredmedia":[{"embeddable":true,"href":"https:\/\/executivaoffice.com.br\/index.php\/wp-json\/wp\/v2\/media\/981"}],"wp:attachment":[{"href":"https:\/\/executivaoffice.com.br\/index.php\/wp-json\/wp\/v2\/media?parent=980"}],"wp:term":[{"taxonomy":"product_cat","embeddable":true,"href":"https:\/\/executivaoffice.com.br\/index.php\/wp-json\/wp\/v2\/product_cat?post=980"},{"taxonomy":"product_tag","embeddable":true,"href":"https:\/\/executivaoffice.com.br\/index.php\/wp-json\/wp\/v2\/product_tag?post=980"}],"curies":[{"name":"wp","href":"https:\/\/api.w.org\/{rel}","templated":true}]}}