{"id":982,"date":"2024-03-25T14:06:01","date_gmt":"2024-03-25T17:06:01","guid":{"rendered":"https:\/\/executivaoffice.com.br\/?post_type=product&#038;p=982"},"modified":"2024-03-25T14:06:01","modified_gmt":"2024-03-25T17:06:01","slug":"banqueta-ipanema","status":"publish","type":"product","link":"https:\/\/executivaoffice.com.br\/index.php\/produto\/banqueta-ipanema\/","title":{"rendered":"Banqueta Ipanema"},"content":{"rendered":"<p><strong>Material:<\/strong>\u00a0Polipropileno e a\u00e7o pintado<\/p>\n<p><strong>Cores dispon\u00edveis:<\/strong>\u00a0Nude, Preta, Verde Aloe, Terracota e\u00a0<span class=\"selectable-text copyable-text\">Azul Sonho Distante<\/span><\/p>\n<p><b>Dimens\u00e3o:<\/b>\u00a0Largura: 47 | Profundidade: 47 | Altura: 86,5 cm<\/p>\n<p><b>Altura do Assento:\u00a0<\/b>64,5 cm<\/p>\n<p><strong>Peso Suportado:<\/strong>\u00a0120 kg<\/p>\n<p><strong>Descri\u00e7\u00e3o:<\/strong>\u00a0A Banqueta Ipanema \u00e9 moderna, vers\u00e1til e resistente, com um assento em polipropileno para conforto e uma base de a\u00e7o pintada na mesma cor do assento, sendo ideal para diversos ambientes.<\/p>\n","protected":false},"excerpt":{"rendered":"<p><strong>A BANQUETA IPANEMA VAI MONTADA PARA SUA RESIDENCIA<\/strong><\/p>\n","protected":false},"featured_media":983,"comment_status":"open","ping_status":"closed","template":"","meta":{"_joinchat":[]},"product_cat":[38],"product_tag":[],"class_list":{"0":"post-982","1":"product","2":"type-product","3":"status-publish","4":"has-post-thumbnail","6":"product_cat-banquetas","8":"first","9":"instock","10":"shipping-taxable","11":"purchasable","12":"product-type-simple"},"_links":{"self":[{"href":"https:\/\/executivaoffice.com.br\/index.php\/wp-json\/wp\/v2\/product\/982","targetHints":{"allow":["GET"]}}],"collection":[{"href":"https:\/\/executivaoffice.com.br\/index.php\/wp-json\/wp\/v2\/product"}],"about":[{"href":"https:\/\/executivaoffice.com.br\/index.php\/wp-json\/wp\/v2\/types\/product"}],"replies":[{"embeddable":true,"href":"https:\/\/executivaoffice.com.br\/index.php\/wp-json\/wp\/v2\/comments?post=982"}],"wp:featuredmedia":[{"embeddable":true,"href":"https:\/\/executivaoffice.com.br\/index.php\/wp-json\/wp\/v2\/media\/983"}],"wp:attachment":[{"href":"https:\/\/executivaoffice.com.br\/index.php\/wp-json\/wp\/v2\/media?parent=982"}],"wp:term":[{"taxonomy":"product_cat","embeddable":true,"href":"https:\/\/executivaoffice.com.br\/index.php\/wp-json\/wp\/v2\/product_cat?post=982"},{"taxonomy":"product_tag","embeddable":true,"href":"https:\/\/executivaoffice.com.br\/index.php\/wp-json\/wp\/v2\/product_tag?post=982"}],"curies":[{"name":"wp","href":"https:\/\/api.w.org\/{rel}","templated":true}]}}