{"id":986,"date":"2024-03-26T10:57:46","date_gmt":"2024-03-26T13:57:46","guid":{"rendered":"https:\/\/executivaoffice.com.br\/?post_type=product&#038;p=986"},"modified":"2024-03-26T10:57:46","modified_gmt":"2024-03-26T13:57:46","slug":"cadeira-dakar","status":"publish","type":"product","link":"https:\/\/executivaoffice.com.br\/index.php\/produto\/cadeira-dakar\/","title":{"rendered":"Cadeira Dakar"},"content":{"rendered":"<div class=\"attrs__header\">\n<h3 class=\"attrs__title\">Especifica\u00e7\u00f5es T\u00e9cnicas<\/h3>\n<\/div>\n<div class=\"attrs__container\">\n<div class=\"attrs__case\">\n<div class=\"product__attr product__attr--assento\"><span class=\"product__attr-label\">Assento<\/span><span class=\"product__attr-value\">Estrutura em Madeira Revestida em PU<\/span><\/div>\n<div class=\"product__attr product__attr--base\"><span class=\"product__attr-label\">Base<\/span><span class=\"product__attr-value\">A\u00e7o Cromado<\/span><\/div>\n<div class=\"product__attr product__attr--profundidade\"><span class=\"product__attr-label\">Profundidade<\/span><span class=\"product__attr-value\">52 cm<\/span><\/div>\n<div class=\"product__attr product__attr--largura\"><span class=\"product__attr-label\">Largura<\/span><span class=\"product__attr-value\">44 cm<\/span><\/div>\n<div class=\"product__attr product__attr--altura-total\"><span class=\"product__attr-label\">Altura Total<\/span><span class=\"product__attr-value\">76 cm<\/span><\/div>\n<div class=\"product__attr product__attr--altura-do-chao-ate-o-assento\"><span class=\"product__attr-label\">Altura do Ch\u00e3o at\u00e9 o Assento<\/span><span class=\"product__attr-value\">45,5 cm<\/span><\/div>\n<div class=\"product__attr product__attr--profundidade-interna-do-assento\"><span class=\"product__attr-label\">Profundidade Interna do Assento<\/span><span class=\"product__attr-value\">40 cm<\/span><\/div>\n<div class=\"product__attr product__attr--largura-interna-do-assento\"><span class=\"product__attr-label\">Largura Interna do Assento<\/span><span class=\"product__attr-value\">40 cm<\/span><\/div>\n<div class=\"product__attr product__attr--peso-max-recomendado\"><span class=\"product__attr-label\">Peso M\u00e1x. Recomendado<\/span><span class=\"product__attr-value\">120 kgs<\/span><\/div>\n<div class=\"product__attr product__attr--peso-unitario\"><span class=\"product__attr-label\">Peso Unit\u00e1rio<\/span><span class=\"product__attr-value\">2 kgs<\/span><\/div>\n<\/div>\n<\/div>\n","protected":false},"excerpt":{"rendered":"<p><strong>A Cadeira Dakar vai montada para sua resid\u00eancia<\/strong><\/p>\n","protected":false},"featured_media":987,"comment_status":"open","ping_status":"closed","template":"","meta":{"_joinchat":[]},"product_cat":[43,45],"product_tag":[],"class_list":{"0":"post-986","1":"product","2":"type-product","3":"status-publish","4":"has-post-thumbnail","6":"product_cat-cadeira-fixa","7":"product_cat-cadeiras","9":"first","10":"instock","11":"shipping-taxable","12":"purchasable","13":"product-type-simple"},"_links":{"self":[{"href":"https:\/\/executivaoffice.com.br\/index.php\/wp-json\/wp\/v2\/product\/986","targetHints":{"allow":["GET"]}}],"collection":[{"href":"https:\/\/executivaoffice.com.br\/index.php\/wp-json\/wp\/v2\/product"}],"about":[{"href":"https:\/\/executivaoffice.com.br\/index.php\/wp-json\/wp\/v2\/types\/product"}],"replies":[{"embeddable":true,"href":"https:\/\/executivaoffice.com.br\/index.php\/wp-json\/wp\/v2\/comments?post=986"}],"wp:featuredmedia":[{"embeddable":true,"href":"https:\/\/executivaoffice.com.br\/index.php\/wp-json\/wp\/v2\/media\/987"}],"wp:attachment":[{"href":"https:\/\/executivaoffice.com.br\/index.php\/wp-json\/wp\/v2\/media?parent=986"}],"wp:term":[{"taxonomy":"product_cat","embeddable":true,"href":"https:\/\/executivaoffice.com.br\/index.php\/wp-json\/wp\/v2\/product_cat?post=986"},{"taxonomy":"product_tag","embeddable":true,"href":"https:\/\/executivaoffice.com.br\/index.php\/wp-json\/wp\/v2\/product_tag?post=986"}],"curies":[{"name":"wp","href":"https:\/\/api.w.org\/{rel}","templated":true}]}}