{"id":999,"date":"2024-03-26T13:33:43","date_gmt":"2024-03-26T16:33:43","guid":{"rendered":"https:\/\/executivaoffice.com.br\/?post_type=product&#038;p=999"},"modified":"2024-03-26T13:33:43","modified_gmt":"2024-03-26T16:33:43","slug":"cadeira-fixa-level","status":"publish","type":"product","link":"https:\/\/executivaoffice.com.br\/index.php\/produto\/cadeira-fixa-level\/","title":{"rendered":"Cadeira Fixa Level"},"content":{"rendered":"<p><b>Dimens\u00f5es do produto:<\/b>\u00a083 x 43L x 45P CM<br \/>\n<b>Estofado:<\/b>\u00a0Madeira Anat\u00f4mica de 15mm \/ Espuma Injetada \/ Corino<br \/>\n<b><strong>Material da Base<\/strong>:<\/b>\u00a0Estrutura de Metalon<br \/>\n<b>Cor:<\/b>\u00a0Preto (outras cores sob consulta)<br \/>\n<b>Possui Bra\u00e7os:<\/b>\u00a0N\u00e3o<br \/>\n<b>Regulagem de altura:<\/b>\u00a0N\u00e3o<br \/>\n<b>Garantia do Fornecedor:<\/b>\u00a012 meses<\/p>\n<p>deira Level n\u00e3o possui regulagem de bra\u00e7os, n\u00e3o possui regulagem da altura do assento.<\/p>\n<p>&nbsp;<\/p>\n<p><strong>Descri\u00e7\u00e3o do Produto:<\/strong><\/p>\n<p>&nbsp;<\/p>\n<ul>\n<li>Garantia: 12 meses<\/li>\n<li>Cor do estofado: Preto (outras cores sob consulta)<\/li>\n<li>Autonomia de peso: 110 Kg<\/li>\n<li>Dimens\u00f5es: 83 x 43L x 45P CM<\/li>\n<li>Possui bra\u00e7os: N\u00e3o<\/li>\n<li>Possui encosto de cabe\u00e7a: N\u00e3o<\/li>\n<li>Marca: M\u00f3veis Supremo<\/li>\n<\/ul>\n","protected":false},"excerpt":{"rendered":"<p><strong>CADEIRA FIXA LEVEL VAI TANTO MONTADA QUAN TO DESMONTADA PARA SUA RESIDENCIA<\/strong><\/p>\n","protected":false},"featured_media":1000,"comment_status":"open","ping_status":"closed","template":"","meta":{"_joinchat":[]},"product_cat":[43,45],"product_tag":[],"class_list":{"0":"post-999","1":"product","2":"type-product","3":"status-publish","4":"has-post-thumbnail","6":"product_cat-cadeira-fixa","7":"product_cat-cadeiras","9":"first","10":"instock","11":"shipping-taxable","12":"purchasable","13":"product-type-simple"},"_links":{"self":[{"href":"https:\/\/executivaoffice.com.br\/index.php\/wp-json\/wp\/v2\/product\/999","targetHints":{"allow":["GET"]}}],"collection":[{"href":"https:\/\/executivaoffice.com.br\/index.php\/wp-json\/wp\/v2\/product"}],"about":[{"href":"https:\/\/executivaoffice.com.br\/index.php\/wp-json\/wp\/v2\/types\/product"}],"replies":[{"embeddable":true,"href":"https:\/\/executivaoffice.com.br\/index.php\/wp-json\/wp\/v2\/comments?post=999"}],"wp:featuredmedia":[{"embeddable":true,"href":"https:\/\/executivaoffice.com.br\/index.php\/wp-json\/wp\/v2\/media\/1000"}],"wp:attachment":[{"href":"https:\/\/executivaoffice.com.br\/index.php\/wp-json\/wp\/v2\/media?parent=999"}],"wp:term":[{"taxonomy":"product_cat","embeddable":true,"href":"https:\/\/executivaoffice.com.br\/index.php\/wp-json\/wp\/v2\/product_cat?post=999"},{"taxonomy":"product_tag","embeddable":true,"href":"https:\/\/executivaoffice.com.br\/index.php\/wp-json\/wp\/v2\/product_tag?post=999"}],"curies":[{"name":"wp","href":"https:\/\/api.w.org\/{rel}","templated":true}]}}